{"id":7937,"date":"2021-06-23T13:20:38","date_gmt":"2021-06-23T17:20:38","guid":{"rendered":"https:\/\/crgm.ca\/crgm\/"},"modified":"2022-02-16T17:00:37","modified_gmt":"2022-02-16T22:00:37","slug":"crgm","status":"publish","type":"page","link":"https:\/\/crgm.ca\/en\/crgm\/","title":{"rendered":"About IRCGM"},"content":{"rendered":"","protected":false},"excerpt":{"rendered":"<p><a href=\"https:\/\/crgm.ca\/en\/crgm\/\" class=\"more\">Read more<\/a><\/p>\n","protected":false},"author":1,"featured_media":0,"parent":0,"menu_order":0,"comment_status":"closed","ping_status":"closed","template":"","meta":{"footnotes":""},"class_list":["post-7937","page","type-page","status-publish","hentry"],"yoast_head":"<!-- This site is optimized with the Yoast SEO Premium plugin v24.8 (Yoast SEO v26.0) - https:\/\/yoast.com\/wordpress\/plugins\/seo\/ -->\n<title>About IRCGM - Centre de R\u00e9f\u00e9rence du Grand Montr\u00e9al<\/title>\n<meta name=\"description\" content=\"Voici quelques pages pour \u00e0 propos du CRGM, de son histoire et de son \u00e9quipe. 65 ans \u00e0 aider, informer, r\u00e9f\u00e9rer.\" \/>\n<meta name=\"robots\" content=\"index, follow, max-snippet:-1, max-image-preview:large, max-video-preview:-1\" \/>\n<link rel=\"canonical\" href=\"https:\/\/crgm.ca\/en\/crgm\/\" \/>\n<meta property=\"og:locale\" content=\"en_US\" \/>\n<meta property=\"og:type\" content=\"article\" \/>\n<meta property=\"og:title\" content=\"About IRCGM\" \/>\n<meta property=\"og:description\" content=\"Voici quelques pages pour \u00e0 propos du CRGM, de son histoire et de son \u00e9quipe. 65 ans \u00e0 aider, informer, r\u00e9f\u00e9rer.\" \/>\n<meta property=\"og:url\" content=\"https:\/\/crgm.ca\/en\/crgm\/\" \/>\n<meta property=\"og:site_name\" content=\"Centre de R\u00e9f\u00e9rence du Grand Montr\u00e9al\" \/>\n<meta property=\"article:modified_time\" content=\"2022-02-16T22:00:37+00:00\" \/>\n<meta name=\"twitter:card\" content=\"summary_large_image\" \/>\n<script type=\"application\/ld+json\" class=\"yoast-schema-graph\">{\"@context\":\"https:\/\/schema.org\",\"@graph\":[{\"@type\":\"WebPage\",\"@id\":\"https:\/\/crgm.ca\/en\/crgm\/\",\"url\":\"https:\/\/crgm.ca\/en\/crgm\/\",\"name\":\"About IRCGM - Centre de R\u00e9f\u00e9rence du Grand Montr\u00e9al\",\"isPartOf\":{\"@id\":\"https:\/\/crgm.ca\/en\/#website\"},\"datePublished\":\"2021-06-23T17:20:38+00:00\",\"dateModified\":\"2022-02-16T22:00:37+00:00\",\"description\":\"Voici quelques pages pour \u00e0 propos du CRGM, de son histoire et de son \u00e9quipe. 65 ans \u00e0 aider, informer, r\u00e9f\u00e9rer.\",\"breadcrumb\":{\"@id\":\"https:\/\/crgm.ca\/en\/crgm\/#breadcrumb\"},\"inLanguage\":\"en-US\",\"potentialAction\":[{\"@type\":\"ReadAction\",\"target\":[\"https:\/\/crgm.ca\/en\/crgm\/\"]}]},{\"@type\":\"BreadcrumbList\",\"@id\":\"https:\/\/crgm.ca\/en\/crgm\/#breadcrumb\",\"itemListElement\":[{\"@type\":\"ListItem\",\"position\":1,\"name\":\"Home\",\"item\":\"https:\/\/crgm.ca\/en\/home\/\"},{\"@type\":\"ListItem\",\"position\":2,\"name\":\"About IRCGM\"}]},{\"@type\":\"WebSite\",\"@id\":\"https:\/\/crgm.ca\/en\/#website\",\"url\":\"https:\/\/crgm.ca\/en\/\",\"name\":\"Centre de R\u00e9f\u00e9rence du Grand Montr\u00e9al\",\"description\":\"Informer pour aider.\",\"potentialAction\":[{\"@type\":\"SearchAction\",\"target\":{\"@type\":\"EntryPoint\",\"urlTemplate\":\"https:\/\/crgm.ca\/en\/?s={search_term_string}\"},\"query-input\":{\"@type\":\"PropertyValueSpecification\",\"valueRequired\":true,\"valueName\":\"search_term_string\"}}],\"inLanguage\":\"en-US\"}]}<\/script>\n<!-- \/ Yoast SEO Premium plugin. -->","yoast_head_json":{"title":"About IRCGM - Centre de R\u00e9f\u00e9rence du Grand Montr\u00e9al","description":"Voici quelques pages pour \u00e0 propos du CRGM, de son histoire et de son \u00e9quipe. 65 ans \u00e0 aider, informer, r\u00e9f\u00e9rer.","robots":{"index":"index","follow":"follow","max-snippet":"max-snippet:-1","max-image-preview":"max-image-preview:large","max-video-preview":"max-video-preview:-1"},"canonical":"https:\/\/crgm.ca\/en\/crgm\/","og_locale":"en_US","og_type":"article","og_title":"About IRCGM","og_description":"Voici quelques pages pour \u00e0 propos du CRGM, de son histoire et de son \u00e9quipe. 65 ans \u00e0 aider, informer, r\u00e9f\u00e9rer.","og_url":"https:\/\/crgm.ca\/en\/crgm\/","og_site_name":"Centre de R\u00e9f\u00e9rence du Grand Montr\u00e9al","article_modified_time":"2022-02-16T22:00:37+00:00","twitter_card":"summary_large_image","schema":{"@context":"https:\/\/schema.org","@graph":[{"@type":"WebPage","@id":"https:\/\/crgm.ca\/en\/crgm\/","url":"https:\/\/crgm.ca\/en\/crgm\/","name":"About IRCGM - Centre de R\u00e9f\u00e9rence du Grand Montr\u00e9al","isPartOf":{"@id":"https:\/\/crgm.ca\/en\/#website"},"datePublished":"2021-06-23T17:20:38+00:00","dateModified":"2022-02-16T22:00:37+00:00","description":"Voici quelques pages pour \u00e0 propos du CRGM, de son histoire et de son \u00e9quipe. 65 ans \u00e0 aider, informer, r\u00e9f\u00e9rer.","breadcrumb":{"@id":"https:\/\/crgm.ca\/en\/crgm\/#breadcrumb"},"inLanguage":"en-US","potentialAction":[{"@type":"ReadAction","target":["https:\/\/crgm.ca\/en\/crgm\/"]}]},{"@type":"BreadcrumbList","@id":"https:\/\/crgm.ca\/en\/crgm\/#breadcrumb","itemListElement":[{"@type":"ListItem","position":1,"name":"Home","item":"https:\/\/crgm.ca\/en\/home\/"},{"@type":"ListItem","position":2,"name":"About IRCGM"}]},{"@type":"WebSite","@id":"https:\/\/crgm.ca\/en\/#website","url":"https:\/\/crgm.ca\/en\/","name":"Centre de R\u00e9f\u00e9rence du Grand Montr\u00e9al","description":"Informer pour aider.","potentialAction":[{"@type":"SearchAction","target":{"@type":"EntryPoint","urlTemplate":"https:\/\/crgm.ca\/en\/?s={search_term_string}"},"query-input":{"@type":"PropertyValueSpecification","valueRequired":true,"valueName":"search_term_string"}}],"inLanguage":"en-US"}]}},"_links":{"self":[{"href":"https:\/\/crgm.ca\/en\/wp-json\/wp\/v2\/pages\/7937","targetHints":{"allow":["GET"]}}],"collection":[{"href":"https:\/\/crgm.ca\/en\/wp-json\/wp\/v2\/pages"}],"about":[{"href":"https:\/\/crgm.ca\/en\/wp-json\/wp\/v2\/types\/page"}],"author":[{"embeddable":true,"href":"https:\/\/crgm.ca\/en\/wp-json\/wp\/v2\/users\/1"}],"replies":[{"embeddable":true,"href":"https:\/\/crgm.ca\/en\/wp-json\/wp\/v2\/comments?post=7937"}],"version-history":[{"count":4,"href":"https:\/\/crgm.ca\/en\/wp-json\/wp\/v2\/pages\/7937\/revisions"}],"predecessor-version":[{"id":8009,"href":"https:\/\/crgm.ca\/en\/wp-json\/wp\/v2\/pages\/7937\/revisions\/8009"}],"wp:attachment":[{"href":"https:\/\/crgm.ca\/en\/wp-json\/wp\/v2\/media?parent=7937"}],"curies":[{"name":"wp","href":"https:\/\/api.w.org\/{rel}","templated":true}]}}