{"id":7940,"date":"2021-06-01T16:53:51","date_gmt":"2021-06-01T20:53:51","guid":{"rendered":"https:\/\/crgm.ca\/crgm\/conseil-administration\/"},"modified":"2025-06-17T11:52:20","modified_gmt":"2025-06-17T15:52:20","slug":"board-of-directors-information-and-referral-center-of-greater-montreal","status":"publish","type":"page","link":"https:\/\/crgm.ca\/en\/crgm\/board-of-directors-information-and-referral-center-of-greater-montreal\/","title":{"rendered":"Board of directors"},"content":{"rendered":"<div class=\"wpb-content-wrapper\"><p>[vc_row type=&#8221;full-width-section&#8221; css=&#8221;.vc_custom_1744143753085{margin-bottom: 0px !important;border-bottom-width: 0px !important;padding-top: 30px !important;padding-bottom: 30px !important;background-color: #00A030 !important;background-position: center !important;background-repeat: no-repeat !important;background-size: cover !important;border-color: #FFFFFF00 !important;}&#8221; font_color=&#8221;#ffffff&#8221; parallax_background=&#8221;&#8221;][vc_column css=&#8221;.vc_custom_1744139001902{background-color: #00A03000 !important;}&#8221;][vc_custom_heading text=&#8221;About IRCGM&#8221; font_container=&#8221;tag:h1|font_size:24|text_align:left|color:%23FFFFFF|line_height:25px&#8221; use_theme_fonts=&#8221;yes&#8221; css=&#8221;.vc_custom_1746121409772{margin-bottom: 4px !important;}&#8221;][\/vc_column][\/vc_row][vc_row css=&#8221;.vc_custom_1745504828168{margin-bottom: 0px !important;border-bottom-width: 0px !important;padding-top: 30px !important;padding-bottom: 0px !important;border-color: #C9C9C900 !important;}&#8221; font_color=&#8221;#ffffff&#8221; parallax_background=&#8221;&#8221;][vc_column][vc_custom_heading text=&#8221;Board of Directors&#8221; font_container=&#8221;tag:h1|text_align:left|color:%23000000&#8243; use_theme_fonts=&#8221;yes&#8221; css=&#8221;.vc_custom_1746121552396{margin-bottom: 0px !important;}&#8221;][\/vc_column][\/vc_row][vc_row css=&#8221;.vc_custom_1423040906745{margin-bottom: 0px !important;padding-top: 100px !important;padding-bottom: 40px !important;}&#8221; parallax_background=&#8221;&#8221;][vc_column width=&#8221;1\/4&#8243;][vc_row_inner][vc_column_inner][vc_single_image image=&#8221;7324&#8243; img_size=&#8221;200&#215;200&#8243; css=&#8221;&#8221;][vc_custom_heading text=&#8221;President&#8221; font_container=&#8221;tag:h2|font_size:30|text_align:left|color:%235cbb4f&#8221; google_fonts=&#8221;font_family:Lato%3A100%2C100italic%2C300%2C300italic%2Cregular%2Citalic%2C700%2C700italic%2C900%2C900italic|font_style:700%20bold%20regular%3A700%3Anormal&#8221; css=&#8221;.vc_custom_1645047549015{margin-bottom: 0px !important;padding-bottom: 0px !important;}&#8221;][vc_column_text css=&#8221;.vc_custom_1744646932440{margin-top: 0px !important;}&#8221; font_size=&#8221;18&#8243; line_height=&#8221;28&#8243;]<strong>Hugo Morissette, CRHA<br \/>\n<\/strong>CRHA, director public affairs, transport and mobily<\/p>\n<p>Le cabinet de relations publiques NATIONAL[\/vc_column_text][\/vc_column_inner][\/vc_row_inner][\/vc_column][vc_column width=&#8221;1\/4&#8243;][vc_row_inner][vc_column_inner][vc_single_image image=&#8221;7322&#8243; img_size=&#8221;200&#215;200&#8243; css=&#8221;&#8221;][vc_custom_heading text=&#8221;Vice-president&#8221; font_container=&#8221;tag:h2|font_size:30|text_align:left|color:%235cbb4f&#8221; google_fonts=&#8221;font_family:Lato%3A100%2C100italic%2C300%2C300italic%2Cregular%2Citalic%2C700%2C700italic%2C900%2C900italic|font_style:700%20bold%20regular%3A700%3Anormal&#8221; css=&#8221;.vc_custom_1729614195905{margin-bottom: 0px !important;padding-bottom: 0px !important;}&#8221;][vc_column_text css=&#8221;.vc_custom_1729614253058{margin-top: 0px !important;}&#8221; font_size=&#8221;18&#8243; line_height=&#8221;28&#8243;]<strong>Val\u00e9rie Dubreuil<br \/>\n<\/strong>Director, development and communications, Dans la rue[\/vc_column_text][\/vc_column_inner][\/vc_row_inner][\/vc_column][vc_column width=&#8221;1\/4&#8243;][vc_row_inner][vc_column_inner][vc_single_image image=&#8221;8699&#8243; img_size=&#8221;200&#215;200&#8243; css=&#8221;&#8221;][vc_custom_heading text=&#8221;Treasurer&#8221; font_container=&#8221;tag:h2|font_size:30|text_align:left|color:%235cbb4f&#8221; google_fonts=&#8221;font_family:Lato%3A100%2C100italic%2C300%2C300italic%2Cregular%2Citalic%2C700%2C700italic%2C900%2C900italic|font_style:700%20bold%20regular%3A700%3Anormal&#8221; css=&#8221;.vc_custom_1657831284558{margin-bottom: 0px !important;padding-bottom: 0px !important;}&#8221;][vc_column_text css=&#8221;.vc_custom_1729614734802{margin-top: 0px !important;}&#8221; font_size=&#8221;18&#8243; line_height=&#8221;28&#8243;]<strong>Juliette Brisson-Larouche, CPA<br \/>\n<\/strong>director, finance and administration, Biodextris[\/vc_column_text][\/vc_column_inner][\/vc_row_inner][\/vc_column][vc_column width=&#8221;1\/4&#8243;][vc_row_inner][vc_column_inner][vc_single_image image=&#8221;8390&#8243; img_size=&#8221;200&#215;200&#8243; css=&#8221;&#8221;][vc_custom_heading text=&#8221;Secretary&#8221; font_container=&#8221;tag:h2|font_size:30|text_align:left|color:%235cbb4f&#8221; google_fonts=&#8221;font_family:Lato%3A100%2C100italic%2C300%2C300italic%2Cregular%2Citalic%2C700%2C700italic%2C900%2C900italic|font_style:700%20bold%20regular%3A700%3Anormal&#8221; css=&#8221;.vc_custom_1645047810169{margin-bottom: 0px !important;padding-bottom: 0px !important;}&#8221;][vc_column_text css=&#8221;.vc_custom_1729615741346{margin-top: 0px !important;}&#8221; font_size=&#8221;18&#8243; line_height=&#8221;28&#8243;]<strong>David Brieugne,<br \/>\n<\/strong>Director, UX research operations, Tech3lab (HEC Montr\u00e9al) &#8211; Affiliation IVADO[\/vc_column_text][\/vc_column_inner][\/vc_row_inner][\/vc_column][\/vc_row][vc_row][vc_column][vc_empty_space height=&#8221;50px&#8221;][\/vc_column][\/vc_row][vc_row][vc_column][vc_custom_heading text=&#8221;Administrators&#8221; font_container=&#8221;tag:h2|font_size:30|text_align:left|color:%235cbb4f&#8221; google_fonts=&#8221;font_family:Lato%3A100%2C100italic%2C300%2C300italic%2Cregular%2Citalic%2C700%2C700italic%2C900%2C900italic|font_style:700%20bold%20regular%3A700%3Anormal&#8221;][vc_row_inner][vc_column_inner width=&#8221;1\/3&#8243;][vc_single_image image=&#8221;7802&#8243; img_size=&#8221;200&#215;200&#8243;][vc_column_text css=&#8221;.vc_custom_1645048140278{margin-top: 0px !important;}&#8221; font_size=&#8221;18&#8243; line_height=&#8221;28&#8243;]<strong>M<sup>e<\/sup> Daniella Pellegrino,<\/strong><br \/>\nLL.B., lawyer, AVENS Montr\u00e9al Avocats[\/vc_column_text][\/vc_column_inner][vc_column_inner width=&#8221;1\/3&#8243;][vc_single_image image=&#8221;8690&#8243; img_size=&#8221;200&#215;200&#8243; css=&#8221;&#8221;][vc_column_text css=&#8221;.vc_custom_1744646988620{margin-top: 0px !important;}&#8221; font_size=&#8221;18&#8243; line_height=&#8221;28&#8243;]<strong>Maxime Allard,<br \/>\n<\/strong>Senior director, international programs, Fondation Paul G\u00e9rin-Lajoie[\/vc_column_text][\/vc_column_inner][vc_column_inner width=&#8221;1\/3&#8243;][vc_single_image image=&#8221;8783&#8243; img_size=&#8221;200&#215;200&#8243; css=&#8221;&#8221;][vc_column_text css=&#8221;.vc_custom_1750175535547{margin-top: 0px !important;}&#8221; font_size=&#8221;18&#8243; line_height=&#8221;28&#8243;]<strong>Christian Lefebvre,<\/strong><br \/>\nExecutive director, Information and Referral Center of Greater Montr\u00e9al[\/vc_column_text][\/vc_column_inner][\/vc_row_inner][vc_empty_space height=&#8221;50px&#8221;][vc_row_inner][vc_column_inner width=&#8221;1\/3&#8243;][\/vc_column_inner][vc_column_inner width=&#8221;1\/3&#8243;][\/vc_column_inner][\/vc_row_inner][\/vc_column][\/vc_row][vc_row][vc_column][vc_empty_space height=&#8221;100px&#8221;][\/vc_column][\/vc_row][vc_row type=&#8221;full-width-content&#8221; overlay=&#8221;1&#8243; overlay_color=&#8221;#00A030&#8243; css=&#8221;.vc_custom_1744126065682{margin-top: 0px !important;margin-bottom: 0px !important;padding-top: 50px !important;padding-bottom: 50px !important;background-color: #00A030 !important;}&#8221;][vc_column offset=&#8221;vc_col-lg-offset-0 vc_col-md-offset-0 vc_col-sm-offset-0&#8243;][vc_custom_heading text=&#8221;Consult our support services&#8221; font_container=&#8221;tag:h3|font_size:36|text_align:center|color:%23FFFFFF&#8221; google_fonts=&#8221;font_family:PT%20Sans%3Aregular%2Citalic|font_style:700%20bold%20normal%3A700%3Anormal&#8221; css=&#8221;.vc_custom_1746122047133{padding-top: 10px !important;padding-bottom: 20px !important;}&#8221;][vc_row_inner content_placement=&#8221;middle&#8221; css=&#8221;.vc_custom_1744126212201{background-color: #00000000 !important;background-position: center !important;background-repeat: no-repeat !important;background-size: contain !important;}&#8221;][vc_column_inner width=&#8221;1\/4&#8243; animation=&#8221;rda_fadeInDown&#8221;][vc_single_image image=&#8221;8804&#8243; img_size=&#8221;&#8221; style=&#8221;vc_box_rounded&#8221; onclick=&#8221;custom_link&#8221; img_link_target=&#8221;_blank&#8221; css=&#8221;.vc_custom_1746122473802{margin-top: 5px !important;margin-right: 5px !important;margin-bottom: 5px !important;margin-left: 5px !important;}&#8221; link=&#8221;https:\/\/www.211qc.ca\/en\/&#8221;][\/vc_column_inner][vc_column_inner width=&#8221;1\/4&#8243; animation=&#8221;rda_fadeInDown&#8221;][vc_single_image image=&#8221;9061&#8243; img_size=&#8221;&#8221; style=&#8221;vc_box_rounded&#8221; onclick=&#8221;custom_link&#8221; img_link_target=&#8221;_blank&#8221; css=&#8221;.vc_custom_1746122426985{margin-top: 5px !important;margin-right: 5px !important;margin-bottom: 5px !important;margin-left: 5px !important;}&#8221; link=&#8221;https:\/\/www.aidedrogue.ca\/en\/&#8221;][\/vc_column_inner][vc_column_inner width=&#8221;1\/4&#8243; animation=&#8221;rda_fadeInDown&#8221;][vc_single_image image=&#8221;9063&#8243; img_size=&#8221;&#8221; onclick=&#8221;custom_link&#8221; img_link_target=&#8221;_blank&#8221; css=&#8221;.vc_custom_1746122405183{margin-top: 5px !important;margin-right: 5px !important;margin-bottom: 5px !important;margin-left: 5px !important;}&#8221; link=&#8221;https:\/\/aidejeu.ca\/en\/&#8221;][\/vc_column_inner][vc_column_inner width=&#8221;1\/4&#8243; animation=&#8221;rda_fadeInDown&#8221;][vc_single_image image=&#8221;9065&#8243; img_size=&#8221;&#8221; style=&#8221;vc_box_rounded&#8221; onclick=&#8221;custom_link&#8221; img_link_target=&#8221;_blank&#8221; css=&#8221;.vc_custom_1746122389534{margin-top: 5px !important;margin-right: 5px !important;margin-bottom: 5px !important;margin-left: 5px !important;}&#8221; link=&#8221;https:\/\/aidejeu.ca\/en\/telecounseling\/&#8221;][\/vc_column_inner][\/vc_row_inner][\/vc_column][\/vc_row]<\/p>\n<\/div>","protected":false},"excerpt":{"rendered":"<p>[vc_row type=&#8221;full-width-section&#8221; css=&#8221;.vc_custom_1744143753085{margin-bottom: 0px !important;border-bottom-width: 0px !important;padding-top: 30px !important;padding-bottom: 30px !important;background-color: #00A030 !important;background-position: center !important;background-repeat: no-repeat !important;background-size: cover !important;border-color: #FFFFFF00 !important;}&#8221; font_color=&#8221;#ffffff&#8221; parallax_background=&#8221;&#8221;][vc_column css=&#8221;.vc_custom_1744139001902{background-color: #00A03000 !important;}&#8221;][vc_custom_heading text=&#8221;About IRCGM&#8221; font_container=&#8221;tag:h1|font_size:24|text_align:left|color:%23FFFFFF|line_height:25px&#8221; use_theme_fonts=&#8221;yes&#8221; css=&#8221;.vc_custom_1746121409772{margin-bottom: 4px !important;}&#8221;][\/vc_column][\/vc_row][vc_row css=&#8221;.vc_custom_1745504828168{margin-bottom: 0px !important;border-bottom-width: 0px !important;padding-top: 30px !important;padding-bottom: 0px !important;border-color: #C9C9C900 !important;}&#8221; font_color=&#8221;#ffffff&#8221; parallax_background=&#8221;&#8221;][vc_column][vc_custom_heading text=&#8221;Board of Directors&#8221; font_container=&#8221;tag:h1|text_align:left|color:%23000000&#8243; use_theme_fonts=&#8221;yes&#8221; css=&#8221;.vc_custom_1746121552396{margin-bottom: 0px !important;}&#8221;][\/vc_column][\/vc_row][vc_row css=&#8221;.vc_custom_1423040906745{margin-bottom:<br \/><a href=\"https:\/\/crgm.ca\/en\/crgm\/board-of-directors-information-and-referral-center-of-greater-montreal\/\" class=\"more\">Read more<\/a><\/p>\n","protected":false},"author":1,"featured_media":0,"parent":7937,"menu_order":0,"comment_status":"closed","ping_status":"closed","template":"","meta":{"footnotes":""},"class_list":["post-7940","page","type-page","status-publish","hentry"],"yoast_head":"<!-- This site is optimized with the Yoast SEO Premium plugin v24.8 (Yoast SEO v26.0) - https:\/\/yoast.com\/wordpress\/plugins\/seo\/ -->\n<title>Board of directors - Centre de R\u00e9f\u00e9rence du Grand Montr\u00e9al<\/title>\n<meta name=\"description\" content=\"Discover our members of the board of directors.\" \/>\n<meta name=\"robots\" content=\"index, follow, max-snippet:-1, max-image-preview:large, max-video-preview:-1\" \/>\n<link rel=\"canonical\" href=\"https:\/\/crgm.ca\/en\/crgm\/board-of-directors-information-and-referral-center-of-greater-montreal\/\" \/>\n<meta property=\"og:locale\" content=\"en_US\" \/>\n<meta property=\"og:type\" content=\"article\" \/>\n<meta property=\"og:title\" content=\"Board of directors\" \/>\n<meta property=\"og:description\" content=\"Discover our members of the board of directors.\" \/>\n<meta property=\"og:url\" content=\"https:\/\/crgm.ca\/en\/crgm\/board-of-directors-information-and-referral-center-of-greater-montreal\/\" \/>\n<meta property=\"og:site_name\" content=\"Centre de R\u00e9f\u00e9rence du Grand Montr\u00e9al\" \/>\n<meta property=\"article:modified_time\" content=\"2025-06-17T15:52:20+00:00\" \/>\n<meta name=\"twitter:card\" content=\"summary_large_image\" \/>\n<meta name=\"twitter:label1\" content=\"Est. reading time\" \/>\n\t<meta name=\"twitter:data1\" content=\"2 minutes\" \/>\n<script type=\"application\/ld+json\" class=\"yoast-schema-graph\">{\"@context\":\"https:\/\/schema.org\",\"@graph\":[{\"@type\":\"WebPage\",\"@id\":\"https:\/\/crgm.ca\/en\/crgm\/board-of-directors-information-and-referral-center-of-greater-montreal\/\",\"url\":\"https:\/\/crgm.ca\/en\/crgm\/board-of-directors-information-and-referral-center-of-greater-montreal\/\",\"name\":\"Board of directors - Centre de R\u00e9f\u00e9rence du Grand Montr\u00e9al\",\"isPartOf\":{\"@id\":\"https:\/\/crgm.ca\/en\/#website\"},\"datePublished\":\"2021-06-01T20:53:51+00:00\",\"dateModified\":\"2025-06-17T15:52:20+00:00\",\"description\":\"Discover our members of the board of directors.\",\"breadcrumb\":{\"@id\":\"https:\/\/crgm.ca\/en\/crgm\/board-of-directors-information-and-referral-center-of-greater-montreal\/#breadcrumb\"},\"inLanguage\":\"en-US\",\"potentialAction\":[{\"@type\":\"ReadAction\",\"target\":[\"https:\/\/crgm.ca\/en\/crgm\/board-of-directors-information-and-referral-center-of-greater-montreal\/\"]}]},{\"@type\":\"BreadcrumbList\",\"@id\":\"https:\/\/crgm.ca\/en\/crgm\/board-of-directors-information-and-referral-center-of-greater-montreal\/#breadcrumb\",\"itemListElement\":[{\"@type\":\"ListItem\",\"position\":1,\"name\":\"Home\",\"item\":\"https:\/\/crgm.ca\/en\/home\/\"},{\"@type\":\"ListItem\",\"position\":2,\"name\":\"About IRCGM\",\"item\":\"https:\/\/crgm.ca\/en\/crgm\/\"},{\"@type\":\"ListItem\",\"position\":3,\"name\":\"Board of directors\"}]},{\"@type\":\"WebSite\",\"@id\":\"https:\/\/crgm.ca\/en\/#website\",\"url\":\"https:\/\/crgm.ca\/en\/\",\"name\":\"Centre de R\u00e9f\u00e9rence du Grand Montr\u00e9al\",\"description\":\"Informer pour aider.\",\"potentialAction\":[{\"@type\":\"SearchAction\",\"target\":{\"@type\":\"EntryPoint\",\"urlTemplate\":\"https:\/\/crgm.ca\/en\/?s={search_term_string}\"},\"query-input\":{\"@type\":\"PropertyValueSpecification\",\"valueRequired\":true,\"valueName\":\"search_term_string\"}}],\"inLanguage\":\"en-US\"}]}<\/script>\n<!-- \/ Yoast SEO Premium plugin. -->","yoast_head_json":{"title":"Board of directors - Centre de R\u00e9f\u00e9rence du Grand Montr\u00e9al","description":"Discover our members of the board of directors.","robots":{"index":"index","follow":"follow","max-snippet":"max-snippet:-1","max-image-preview":"max-image-preview:large","max-video-preview":"max-video-preview:-1"},"canonical":"https:\/\/crgm.ca\/en\/crgm\/board-of-directors-information-and-referral-center-of-greater-montreal\/","og_locale":"en_US","og_type":"article","og_title":"Board of directors","og_description":"Discover our members of the board of directors.","og_url":"https:\/\/crgm.ca\/en\/crgm\/board-of-directors-information-and-referral-center-of-greater-montreal\/","og_site_name":"Centre de R\u00e9f\u00e9rence du Grand Montr\u00e9al","article_modified_time":"2025-06-17T15:52:20+00:00","twitter_card":"summary_large_image","twitter_misc":{"Est. reading time":"2 minutes"},"schema":{"@context":"https:\/\/schema.org","@graph":[{"@type":"WebPage","@id":"https:\/\/crgm.ca\/en\/crgm\/board-of-directors-information-and-referral-center-of-greater-montreal\/","url":"https:\/\/crgm.ca\/en\/crgm\/board-of-directors-information-and-referral-center-of-greater-montreal\/","name":"Board of directors - Centre de R\u00e9f\u00e9rence du Grand Montr\u00e9al","isPartOf":{"@id":"https:\/\/crgm.ca\/en\/#website"},"datePublished":"2021-06-01T20:53:51+00:00","dateModified":"2025-06-17T15:52:20+00:00","description":"Discover our members of the board of directors.","breadcrumb":{"@id":"https:\/\/crgm.ca\/en\/crgm\/board-of-directors-information-and-referral-center-of-greater-montreal\/#breadcrumb"},"inLanguage":"en-US","potentialAction":[{"@type":"ReadAction","target":["https:\/\/crgm.ca\/en\/crgm\/board-of-directors-information-and-referral-center-of-greater-montreal\/"]}]},{"@type":"BreadcrumbList","@id":"https:\/\/crgm.ca\/en\/crgm\/board-of-directors-information-and-referral-center-of-greater-montreal\/#breadcrumb","itemListElement":[{"@type":"ListItem","position":1,"name":"Home","item":"https:\/\/crgm.ca\/en\/home\/"},{"@type":"ListItem","position":2,"name":"About IRCGM","item":"https:\/\/crgm.ca\/en\/crgm\/"},{"@type":"ListItem","position":3,"name":"Board of directors"}]},{"@type":"WebSite","@id":"https:\/\/crgm.ca\/en\/#website","url":"https:\/\/crgm.ca\/en\/","name":"Centre de R\u00e9f\u00e9rence du Grand Montr\u00e9al","description":"Informer pour aider.","potentialAction":[{"@type":"SearchAction","target":{"@type":"EntryPoint","urlTemplate":"https:\/\/crgm.ca\/en\/?s={search_term_string}"},"query-input":{"@type":"PropertyValueSpecification","valueRequired":true,"valueName":"search_term_string"}}],"inLanguage":"en-US"}]}},"_links":{"self":[{"href":"https:\/\/crgm.ca\/en\/wp-json\/wp\/v2\/pages\/7940","targetHints":{"allow":["GET"]}}],"collection":[{"href":"https:\/\/crgm.ca\/en\/wp-json\/wp\/v2\/pages"}],"about":[{"href":"https:\/\/crgm.ca\/en\/wp-json\/wp\/v2\/types\/page"}],"author":[{"embeddable":true,"href":"https:\/\/crgm.ca\/en\/wp-json\/wp\/v2\/users\/1"}],"replies":[{"embeddable":true,"href":"https:\/\/crgm.ca\/en\/wp-json\/wp\/v2\/comments?post=7940"}],"version-history":[{"count":29,"href":"https:\/\/crgm.ca\/en\/wp-json\/wp\/v2\/pages\/7940\/revisions"}],"predecessor-version":[{"id":9129,"href":"https:\/\/crgm.ca\/en\/wp-json\/wp\/v2\/pages\/7940\/revisions\/9129"}],"up":[{"embeddable":true,"href":"https:\/\/crgm.ca\/en\/wp-json\/wp\/v2\/pages\/7937"}],"wp:attachment":[{"href":"https:\/\/crgm.ca\/en\/wp-json\/wp\/v2\/media?parent=7940"}],"curies":[{"name":"wp","href":"https:\/\/api.w.org\/{rel}","templated":true}]}}