{"id":7971,"date":"2021-06-01T10:21:51","date_gmt":"2021-06-01T14:21:51","guid":{"rendered":"https:\/\/crgm.ca\/fondation\/devenir-membre\/"},"modified":"2022-04-22T16:31:55","modified_gmt":"2022-04-22T20:31:55","slug":"become-a-member","status":"publish","type":"page","link":"https:\/\/crgm.ca\/en\/fondation\/become-a-member\/","title":{"rendered":"Become a member"},"content":{"rendered":"<div class=\"wpb-content-wrapper\"><p>[vc_row type=&#8221;full-width-section&#8221; css=&#8221;.vc_custom_1624469689390{margin-bottom: 0px !important;border-bottom-width: 3px !important;padding-top: 96px !important;padding-bottom: 60px !important;background-image: url(https:\/\/crgm.ca\/wp-content\/uploads\/2021\/06\/crgm-bg-1.png?id=7661) !important;background-position: center !important;background-repeat: no-repeat !important;background-size: cover !important;border-bottom-color: #c9c9c9 !important;border-bottom-style: solid !important;}&#8221; font_color=&#8221;#ffffff&#8221; parallax_background=&#8221;&#8221;][vc_column][vc_custom_heading text=&#8221;About the IRCGM&#8217;s Foundation&#8221; font_container=&#8221;tag:h1|font_size:20|text_align:left|color:%235cbb4f|line_height:25px&#8221; google_fonts=&#8221;font_family:PT%20Sans%3Aregular%2Citalic%2C700%2C700italic|font_style:400%20regular%3A400%3Anormal&#8221; css=&#8221;.vc_custom_1650658043518{margin-bottom: 4px !important;}&#8221;][vc_custom_heading text=&#8221;Become a member&#8221; font_container=&#8221;tag:h2|font_size:48|text_align:left|color:%23000000|line_height:56px&#8221; google_fonts=&#8221;font_family:Lato%3A100%2C100italic%2C300%2C300italic%2Cregular%2Citalic%2C700%2C700italic%2C900%2C900italic|font_style:900%20bold%20regular%3A900%3Anormal&#8221; css=&#8221;.vc_custom_1650658054554{margin-bottom: 22px !important;}&#8221;][\/vc_column][\/vc_row][vc_row type=&#8221;full-width-section&#8221; css=&#8221;.vc_custom_1624030110375{background-color: #f9fafb !important;}&#8221;][vc_column][vc_row_inner content_placement=&#8221;middle&#8221; css=&#8221;.vc_custom_1624474495039{margin-top: 150px !important;}&#8221;][vc_column_inner width=&#8221;2\/3&#8243;][vc_custom_heading text=&#8221;Honorary Members&#8221; font_container=&#8221;tag:h2|font_size:30|text_align:left&#8221; google_fonts=&#8221;font_family:Lato%3A100%2C100italic%2C300%2C300italic%2Cregular%2Citalic%2C700%2C700italic%2C900%2C900italic|font_style:400%20regular%3A400%3Anormal&#8221; css=&#8221;.vc_custom_1650658429426{margin-bottom: 15px !important;}&#8221;][vc_column_text css=&#8221;.vc_custom_1650658858847{margin-bottom: 18px !important;}&#8221;]Are you concerned about social issues? Do you want to help? By becoming an honorary member of the Information and Referral Center of Greater Montr\u00e9al&#8217;s Foundation, you will be helping more than 70 000 fellow citizens each year.<\/p>\n<p>Contributions from community organizations such as the Information and Referral Center are indispensable to the maintenance and well-being of our human community.[\/vc_column_text][\/vc_column_inner][vc_column_inner width=&#8221;1\/3&#8243; css=&#8221;.vc_custom_1624474445033{padding-right: 50px !important;padding-left: 50px !important;}&#8221;][vc_single_image image=&#8221;7685&#8243; img_size=&#8221;large&#8221; alignment=&#8221;center&#8221; animation=&#8221;rda_fadeIn&#8221;][\/vc_column_inner][\/vc_row_inner][vc_row_inner css=&#8221;.vc_custom_1624029349488{margin-top: 50px !important;}&#8221;][vc_column_inner width=&#8221;2\/3&#8243; css=&#8221;.vc_custom_1624028765712{padding-top: 50px !important;}&#8221;][vc_custom_heading text=&#8221;Throughout the years, social information has taken on new dimensions.&#8221; font_container=&#8221;tag:h3|font_size:20|text_align:left&#8221; google_fonts=&#8221;font_family:Lato%3A100%2C100italic%2C300%2C300italic%2Cregular%2Citalic%2C700%2C700italic%2C900%2C900italic|font_style:400%20regular%3A400%3Anormal&#8221; css=&#8221;.vc_custom_1650658704833{margin-bottom: 15px !important;}&#8221;][vc_column_text css=&#8221;.vc_custom_1650658845797{margin-bottom: 18px !important;}&#8221;]Since 1956, requests for help and information have been arriving daily by the hundreds. For example:<\/p>\n<ul>\n<li>For food assistance;<\/li>\n<li>For help regarding substance abuse, budgeting and debt solutions;<\/li>\n<li>For information and referral regarding income security, employment insurance and job search;<\/li>\n<li>For information regarding health issues such as Alzheimer&#8217;s, cancer, heart disease, diabetes and obesity;<\/li>\n<li>For referrals regarding mental health problems or support groups;<\/li>\n<li>For help and information regarding private retirement homes for seniors.<\/li>\n<\/ul>\n<p>[\/vc_column_text][\/vc_column_inner][vc_column_inner width=&#8221;1\/3&#8243; css=&#8221;.vc_custom_1624028704475{padding-top: 50px !important;padding-right: 50px !important;padding-bottom: 50px !important;padding-left: 50px !important;background-color: #ffffff !important;}&#8221;][vc_column_text css=&#8221;.vc_custom_1650658834550{margin-bottom: 18px !important;}&#8221;]<strong>It is incumbent upon our society<\/strong><\/p>\n<ul>\n<li>To ensure the livelihood of thousands of people out of work within the socio-economic structure we see emerging.<\/li>\n<\/ul>\n<p><strong>It is also our responsibility <\/strong><\/p>\n<ul>\n<li>To respect the dignity of these people, to safeguard their rights and their access to health and social services.<\/li>\n<\/ul>\n<p>[\/vc_column_text][\/vc_column_inner][\/vc_row_inner][\/vc_column][\/vc_row][vc_row type=&#8221;full-width-section&#8221; css=&#8221;.vc_custom_1624029417042{background-color: #5cbb4f !important;}&#8221; font_color=&#8221;#ffffff&#8221;][vc_column][vc_row_inner content_placement=&#8221;middle&#8221; css=&#8221;.vc_custom_1624029543992{padding-top: 100px !important;padding-bottom: 100px !important;}&#8221; font_color=&#8221;#ffffff&#8221;][vc_column_inner width=&#8221;2\/3&#8243;][vc_column_text font_size=&#8221;25&#8243; line_height=&#8221;35&#8243;]<\/p>\n<p style=\"text-align: center;\"><strong>Yes, i want to become an honorary member for 50$ a year<\/strong><\/p>\n<p>[\/vc_column_text][\/vc_column_inner][vc_column_inner width=&#8221;1\/3&#8243;]<style type=\"text\/css\" >#b_1jkrum9vg3m0adqrh0n9 a{color:#000000; background:#ffffff; margin-top:0px; margin-bottom:0px;  margin-left:0px; margin-right:0px; font-weight:700; border-radius:15px;}#b_1jkrum9vg3m0adqrh0n9 a:hover{color:#5cbb4f ; background:#ffffff ;}<\/style><div class=\"ta_center tf_btn_pos\" id=\"b_1jkrum9vg3m0adqrh0n9\" ><a class=\"rd_normal_bt medium_rd_bt bt_icon_left   \" href=\"https:\/\/crgm.ca\/wp-content\/uploads\/2021\/06\/MEMBRE_HONORAIRE.pdf\" target=\"\"   ><i class=\"ty2-download\" ><\/i><span>Download the form<\/span><\/a><\/div><style type=\"text\/css\" >#b_1jkrum9vg3m0adqrh0n9 i {color:#000000;}#b_1jkrum9vg3m0adqrh0n9 a:hover i{color:#5cbb4f;}<\/style><style type='text\/css'> @font-face{font-family: 'ty2'; src:url('https:\/\/crgm.ca\/wp-content\/themes\/thefox\/includes\/4k-icons\/icons\/4k-icons-pack04\/icons\/fonts\/ty2.eot'); src:url('https:\/\/crgm.ca\/wp-content\/themes\/thefox\/includes\/4k-icons\/icons\/4k-icons-pack04\/icons\/fonts\/ty2.eot?#iefix') format('embedded-opentype'), url('https:\/\/crgm.ca\/wp-content\/themes\/thefox\/includes\/4k-icons\/icons\/4k-icons-pack04\/icons\/fonts\/ty2.woff') format('woff'), url('https:\/\/crgm.ca\/wp-content\/themes\/thefox\/includes\/4k-icons\/icons\/4k-icons-pack04\/icons\/fonts\/ty2.ttf') format('truetype'), url('https:\/\/crgm.ca\/wp-content\/themes\/thefox\/includes\/4k-icons\/icons\/4k-icons-pack04\/icons\/fonts\/ty2.svg#oi') format('svg'); font-weight: normal; font-style: normal;}#b_1jkrum9vg3m0adqrh0n9 .ty2-download:before{font-family: 'ty2'; font-weight: normal; font-style: normal;}#b_1jkrum9vg3m0adqrh0n9 .ty2-download:before{content: \"\\e846\";}<\/style>\n[\/vc_column_inner][\/vc_row_inner][\/vc_column][\/vc_row][vc_row type=&#8221;full-width-section&#8221; css=&#8221;.vc_custom_1623330238991{margin-bottom: 0px !important;padding-top: 92px !important;padding-bottom: 93px !important;background-color: #00743e !important;}&#8221; font_color=&#8221;#ffffff&#8221; parallax_background=&#8221;1&#8243;][vc_column][vc_custom_heading text=&#8221;To know more about our services&#8221; font_container=&#8221;tag:h2|font_size:30|text_align:center|color:%23ffffff&#8221; google_fonts=&#8221;font_family:Lato%3A100%2C100italic%2C300%2C300italic%2Cregular%2Citalic%2C700%2C700italic%2C900%2C900italic|font_style:400%20regular%3A400%3Anormal&#8221; css=&#8221;.vc_custom_1650659232473{margin-bottom: 15px !important;}&#8221;][vc_row_inner css=&#8221;.vc_custom_1623089700494{margin-top: 50px !important;}&#8221;][vc_column_inner width=&#8221;1\/4&#8243;][vc_single_image image=&#8221;8107&#8243; img_size=&#8221;full&#8221; alignment=&#8221;center&#8221; onclick=&#8221;custom_link&#8221; img_link_target=&#8221;_blank&#8221; link=&#8221;https:\/\/www.211qc.ca\/en\/&#8221;][\/vc_column_inner][vc_column_inner width=&#8221;1\/4&#8243;][vc_single_image image=&#8221;8110&#8243; img_size=&#8221;full&#8221; alignment=&#8221;center&#8221; onclick=&#8221;custom_link&#8221; img_link_target=&#8221;_blank&#8221; link=&#8221;https:\/\/www.aidedrogue.ca\/en\/&#8221;][\/vc_column_inner][vc_column_inner width=&#8221;1\/4&#8243;][vc_single_image image=&#8221;8113&#8243; img_size=&#8221;full&#8221; alignment=&#8221;center&#8221; onclick=&#8221;custom_link&#8221; img_link_target=&#8221;_blank&#8221; link=&#8221;https:\/\/aidejeu.ca\/en\/&#8221;][\/vc_column_inner][vc_column_inner width=&#8221;1\/4&#8243;][vc_single_image image=&#8221;7264&#8243; img_size=&#8221;full&#8221; alignment=&#8221;center&#8221; onclick=&#8221;custom_link&#8221; img_link_target=&#8221;_blank&#8221; link=&#8221;https:\/\/aidejeu.ca\/obtenir-de-laide\/telecounseling\/&#8221;][\/vc_column_inner][\/vc_row_inner][\/vc_column][\/vc_row]<\/p>\n<\/div>","protected":false},"excerpt":{"rendered":"<p>[vc_row type=&#8221;full-width-section&#8221; css=&#8221;.vc_custom_1624469689390{margin-bottom: 0px !important;border-bottom-width: 3px !important;padding-top: 96px !important;padding-bottom: 60px !important;background-image: url(https:\/\/crgm.ca\/wp-content\/uploads\/2021\/06\/crgm-bg-1.png?id=7661) !important;background-position: center !important;background-repeat: no-repeat !important;background-size: cover !important;border-bottom-color: #c9c9c9 !important;border-bottom-style: solid !important;}&#8221; font_color=&#8221;#ffffff&#8221; parallax_background=&#8221;&#8221;][vc_column][vc_custom_heading text=&#8221;About the IRCGM&#8217;s Foundation&#8221; font_container=&#8221;tag:h1|font_size:20|text_align:left|color:%235cbb4f|line_height:25px&#8221; google_fonts=&#8221;font_family:PT%20Sans%3Aregular%2Citalic%2C700%2C700italic|font_style:400%20regular%3A400%3Anormal&#8221; css=&#8221;.vc_custom_1650658043518{margin-bottom: 4px !important;}&#8221;][vc_custom_heading text=&#8221;Become a member&#8221; font_container=&#8221;tag:h2|font_size:48|text_align:left|color:%23000000|line_height:56px&#8221; google_fonts=&#8221;font_family:Lato%3A100%2C100italic%2C300%2C300italic%2Cregular%2Citalic%2C700%2C700italic%2C900%2C900italic|font_style:900%20bold%20regular%3A900%3Anormal&#8221; css=&#8221;.vc_custom_1650658054554{margin-bottom: 22px !important;}&#8221;][\/vc_column][\/vc_row][vc_row type=&#8221;full-width-section&#8221; css=&#8221;.vc_custom_1624030110375{background-color: #f9fafb !important;}&#8221;][vc_column][vc_row_inner content_placement=&#8221;middle&#8221; css=&#8221;.vc_custom_1624474495039{margin-top: 150px !important;}&#8221;][vc_column_inner width=&#8221;2\/3&#8243;][vc_custom_heading text=&#8221;Honorary Members&#8221; font_container=&#8221;tag:h2|font_size:30|text_align:left&#8221; google_fonts=&#8221;font_family:Lato%3A100%2C100italic%2C300%2C300italic%2Cregular%2Citalic%2C700%2C700italic%2C900%2C900italic|font_style:400%20regular%3A400%3Anormal&#8221;<br \/><a href=\"https:\/\/crgm.ca\/en\/fondation\/become-a-member\/\" class=\"more\">Read more<\/a><\/p>\n","protected":false},"author":1,"featured_media":0,"parent":7966,"menu_order":0,"comment_status":"closed","ping_status":"closed","template":"","meta":{"footnotes":""},"class_list":["post-7971","page","type-page","status-publish","hentry"],"yoast_head":"<!-- This site is optimized with the Yoast SEO Premium plugin v24.8 (Yoast SEO v26.0) - https:\/\/yoast.com\/wordpress\/plugins\/seo\/ -->\n<title>Devenir membre - Fondation du Centre de R\u00e9f\u00e9rence du Grand Montr\u00e9al<\/title>\n<meta name=\"description\" content=\"Soutenez notre mission en devenant membre de la Fondation du Centre de R\u00e9f\u00e9rence du Grand Montr\u00e9al.\" \/>\n<meta name=\"robots\" content=\"index, follow, max-snippet:-1, max-image-preview:large, max-video-preview:-1\" \/>\n<link rel=\"canonical\" href=\"https:\/\/crgm.ca\/en\/fondation\/become-a-member\/\" \/>\n<meta property=\"og:locale\" content=\"en_US\" \/>\n<meta property=\"og:type\" content=\"article\" \/>\n<meta property=\"og:title\" content=\"Devenir membre - Fondation du Centre de R\u00e9f\u00e9rence du Grand Montr\u00e9al\" \/>\n<meta property=\"og:description\" content=\"Soutenez notre mission en devenant membre de la Fondation du Centre de R\u00e9f\u00e9rence du Grand Montr\u00e9al.\" \/>\n<meta property=\"og:url\" content=\"https:\/\/crgm.ca\/en\/fondation\/become-a-member\/\" \/>\n<meta property=\"og:site_name\" content=\"Centre de R\u00e9f\u00e9rence du Grand Montr\u00e9al\" \/>\n<meta property=\"article:modified_time\" content=\"2022-04-22T20:31:55+00:00\" \/>\n<meta property=\"og:image\" content=\"https:\/\/crgm.ca\/wp-content\/uploads\/2021\/07\/CRGM_appui.png\" \/>\n\t<meta property=\"og:image:width\" content=\"1600\" \/>\n\t<meta property=\"og:image:height\" content=\"900\" \/>\n\t<meta property=\"og:image:type\" content=\"image\/png\" \/>\n<meta name=\"twitter:card\" content=\"summary_large_image\" \/>\n<meta name=\"twitter:title\" content=\"Become a member\" \/>\n<meta name=\"twitter:label1\" content=\"Est. reading time\" \/>\n\t<meta name=\"twitter:data1\" content=\"2 minutes\" \/>\n<script type=\"application\/ld+json\" class=\"yoast-schema-graph\">{\"@context\":\"https:\/\/schema.org\",\"@graph\":[{\"@type\":\"WebPage\",\"@id\":\"https:\/\/crgm.ca\/en\/fondation\/become-a-member\/\",\"url\":\"https:\/\/crgm.ca\/en\/fondation\/become-a-member\/\",\"name\":\"Devenir membre - Fondation du Centre de R\u00e9f\u00e9rence du Grand Montr\u00e9al\",\"isPartOf\":{\"@id\":\"https:\/\/crgm.ca\/en\/#website\"},\"datePublished\":\"2021-06-01T14:21:51+00:00\",\"dateModified\":\"2022-04-22T20:31:55+00:00\",\"description\":\"Soutenez notre mission en devenant membre de la Fondation du Centre de R\u00e9f\u00e9rence du Grand Montr\u00e9al.\",\"breadcrumb\":{\"@id\":\"https:\/\/crgm.ca\/en\/fondation\/become-a-member\/#breadcrumb\"},\"inLanguage\":\"en-US\",\"potentialAction\":[{\"@type\":\"ReadAction\",\"target\":[\"https:\/\/crgm.ca\/en\/fondation\/become-a-member\/\"]}]},{\"@type\":\"BreadcrumbList\",\"@id\":\"https:\/\/crgm.ca\/en\/fondation\/become-a-member\/#breadcrumb\",\"itemListElement\":[{\"@type\":\"ListItem\",\"position\":1,\"name\":\"Home\",\"item\":\"https:\/\/crgm.ca\/en\/home\/\"},{\"@type\":\"ListItem\",\"position\":2,\"name\":\"The IRCGM Fundation\",\"item\":\"https:\/\/crgm.ca\/en\/fondation\/\"},{\"@type\":\"ListItem\",\"position\":3,\"name\":\"Become a member\"}]},{\"@type\":\"WebSite\",\"@id\":\"https:\/\/crgm.ca\/en\/#website\",\"url\":\"https:\/\/crgm.ca\/en\/\",\"name\":\"Centre de R\u00e9f\u00e9rence du Grand Montr\u00e9al\",\"description\":\"Informer pour aider.\",\"potentialAction\":[{\"@type\":\"SearchAction\",\"target\":{\"@type\":\"EntryPoint\",\"urlTemplate\":\"https:\/\/crgm.ca\/en\/?s={search_term_string}\"},\"query-input\":{\"@type\":\"PropertyValueSpecification\",\"valueRequired\":true,\"valueName\":\"search_term_string\"}}],\"inLanguage\":\"en-US\"}]}<\/script>\n<!-- \/ Yoast SEO Premium plugin. -->","yoast_head_json":{"title":"Devenir membre - Fondation du Centre de R\u00e9f\u00e9rence du Grand Montr\u00e9al","description":"Soutenez notre mission en devenant membre de la Fondation du Centre de R\u00e9f\u00e9rence du Grand Montr\u00e9al.","robots":{"index":"index","follow":"follow","max-snippet":"max-snippet:-1","max-image-preview":"max-image-preview:large","max-video-preview":"max-video-preview:-1"},"canonical":"https:\/\/crgm.ca\/en\/fondation\/become-a-member\/","og_locale":"en_US","og_type":"article","og_title":"Devenir membre - Fondation du Centre de R\u00e9f\u00e9rence du Grand Montr\u00e9al","og_description":"Soutenez notre mission en devenant membre de la Fondation du Centre de R\u00e9f\u00e9rence du Grand Montr\u00e9al.","og_url":"https:\/\/crgm.ca\/en\/fondation\/become-a-member\/","og_site_name":"Centre de R\u00e9f\u00e9rence du Grand Montr\u00e9al","article_modified_time":"2022-04-22T20:31:55+00:00","og_image":[{"width":1600,"height":900,"url":"https:\/\/crgm.ca\/wp-content\/uploads\/2021\/07\/CRGM_appui.png","type":"image\/png"}],"twitter_card":"summary_large_image","twitter_title":"Become a member","twitter_misc":{"Est. reading time":"2 minutes"},"schema":{"@context":"https:\/\/schema.org","@graph":[{"@type":"WebPage","@id":"https:\/\/crgm.ca\/en\/fondation\/become-a-member\/","url":"https:\/\/crgm.ca\/en\/fondation\/become-a-member\/","name":"Devenir membre - Fondation du Centre de R\u00e9f\u00e9rence du Grand Montr\u00e9al","isPartOf":{"@id":"https:\/\/crgm.ca\/en\/#website"},"datePublished":"2021-06-01T14:21:51+00:00","dateModified":"2022-04-22T20:31:55+00:00","description":"Soutenez notre mission en devenant membre de la Fondation du Centre de R\u00e9f\u00e9rence du Grand Montr\u00e9al.","breadcrumb":{"@id":"https:\/\/crgm.ca\/en\/fondation\/become-a-member\/#breadcrumb"},"inLanguage":"en-US","potentialAction":[{"@type":"ReadAction","target":["https:\/\/crgm.ca\/en\/fondation\/become-a-member\/"]}]},{"@type":"BreadcrumbList","@id":"https:\/\/crgm.ca\/en\/fondation\/become-a-member\/#breadcrumb","itemListElement":[{"@type":"ListItem","position":1,"name":"Home","item":"https:\/\/crgm.ca\/en\/home\/"},{"@type":"ListItem","position":2,"name":"The IRCGM Fundation","item":"https:\/\/crgm.ca\/en\/fondation\/"},{"@type":"ListItem","position":3,"name":"Become a member"}]},{"@type":"WebSite","@id":"https:\/\/crgm.ca\/en\/#website","url":"https:\/\/crgm.ca\/en\/","name":"Centre de R\u00e9f\u00e9rence du Grand Montr\u00e9al","description":"Informer pour aider.","potentialAction":[{"@type":"SearchAction","target":{"@type":"EntryPoint","urlTemplate":"https:\/\/crgm.ca\/en\/?s={search_term_string}"},"query-input":{"@type":"PropertyValueSpecification","valueRequired":true,"valueName":"search_term_string"}}],"inLanguage":"en-US"}]}},"_links":{"self":[{"href":"https:\/\/crgm.ca\/en\/wp-json\/wp\/v2\/pages\/7971","targetHints":{"allow":["GET"]}}],"collection":[{"href":"https:\/\/crgm.ca\/en\/wp-json\/wp\/v2\/pages"}],"about":[{"href":"https:\/\/crgm.ca\/en\/wp-json\/wp\/v2\/types\/page"}],"author":[{"embeddable":true,"href":"https:\/\/crgm.ca\/en\/wp-json\/wp\/v2\/users\/1"}],"replies":[{"embeddable":true,"href":"https:\/\/crgm.ca\/en\/wp-json\/wp\/v2\/comments?post=7971"}],"version-history":[{"count":7,"href":"https:\/\/crgm.ca\/en\/wp-json\/wp\/v2\/pages\/7971\/revisions"}],"predecessor-version":[{"id":8148,"href":"https:\/\/crgm.ca\/en\/wp-json\/wp\/v2\/pages\/7971\/revisions\/8148"}],"up":[{"embeddable":true,"href":"https:\/\/crgm.ca\/en\/wp-json\/wp\/v2\/pages\/7966"}],"wp:attachment":[{"href":"https:\/\/crgm.ca\/en\/wp-json\/wp\/v2\/media?parent=7971"}],"curies":[{"name":"wp","href":"https:\/\/api.w.org\/{rel}","templated":true}]}}