{"id":7974,"date":"2021-06-01T12:43:57","date_gmt":"2021-06-01T16:43:57","guid":{"rendered":"https:\/\/crgm.ca\/fondation\/faire-un-don\/"},"modified":"2025-05-01T15:31:45","modified_gmt":"2025-05-01T19:31:45","slug":"make-a-donation","status":"publish","type":"page","link":"https:\/\/crgm.ca\/en\/fondation\/make-a-donation\/","title":{"rendered":"Make a donation"},"content":{"rendered":"<div class=\"wpb-content-wrapper\"><p>[vc_row type=&#8221;full-width-section&#8221; css=&#8221;.vc_custom_1745508320184{margin-bottom: 0px !important;padding-top: 30px !important;padding-bottom: 30px !important;background-color: #00A030 !important;background-position: center !important;background-repeat: no-repeat !important;background-size: cover !important;border-color: #FFFFFF00 !important;}&#8221; font_color=&#8221;#ffffff&#8221; parallax_background=&#8221;&#8221;][vc_column css=&#8221;.vc_custom_1744139001902{background-color: #00A03000 !important;}&#8221;][vc_custom_heading text=&#8221;Make a donation&#8221; font_container=&#8221;tag:h1|font_size:36|text_align:left|color:%23FFFFFF&#8221; google_fonts=&#8221;font_family:42dot%20Sans%3Aregular|font_style:700%20bold%20normal%3A700%3Anormal&#8221; css=&#8221;.vc_custom_1746127380173{margin-bottom: 4px !important;}&#8221;][\/vc_column][\/vc_row][vc_row type=&#8221;full-width-section&#8221; css=&#8221;.vc_custom_1745508350156{margin-bottom: 0px !important;padding-top: 30px !important;padding-bottom: 30px !important;}&#8221; font_color=&#8221;#ffffff&#8221; parallax_background=&#8221;&#8221;][vc_column][vc_custom_heading text=&#8221;I support the Greater Montreal Reference Center Foundation&#8221; font_container=&#8221;tag:h2|font_size:36|text_align:left|color:%23000000&#8243; google_fonts=&#8221;font_family:42dot%20Sans%3Aregular|font_style:700%20bold%20normal%3A700%3Anormal&#8221; css=&#8221;&#8221;][vc_empty_space height=&#8221;15&#8243;]<style type=\"text\/css\" >#b_aonwa8gm2d1st40iyupg a{color:#ffffff; background:#5cbb4f; margin-top:0px; margin-bottom:0px;  margin-left:0px; margin-right:0px; font-weight:500; border-radius:10px;}#b_aonwa8gm2d1st40iyupg a:hover{color:#ffffff ; background:#00743e ;}<\/style><div class=\"ta_left tf_btn_pos\" id=\"b_aonwa8gm2d1st40iyupg\" ><a class=\"rd_normal_bt mediumlarge_rd_bt bt_icon_left bt_icon_border  \" href=\"https:\/\/www.zeffy.com\/fr-CA\/donation-form\/ae5652ee-d3c9-434c-bfb9-acc2b5af04d2\" target=\"yes\"   ><i class=\"ws-heart-empty\" ><\/i><span>I donate online!<\/span><\/a><\/div><style type=\"text\/css\" >#b_aonwa8gm2d1st40iyupg i {color:#ffffff;}#b_aonwa8gm2d1st40iyupg a:hover i{color:#ffffff;}<\/style><style type='text\/css'> @font-face{font-family: 'ws'; src:url('https:\/\/crgm.ca\/wp-content\/themes\/thefox\/includes\/4k-icons\/icons\/4k-icons-pack05\/icons\/fonts\/ws.eot'); src:url('https:\/\/crgm.ca\/wp-content\/themes\/thefox\/includes\/4k-icons\/icons\/4k-icons-pack05\/icons\/fonts\/ws.eot?#iefix') format('embedded-opentype'), url('https:\/\/crgm.ca\/wp-content\/themes\/thefox\/includes\/4k-icons\/icons\/4k-icons-pack05\/icons\/fonts\/ws.woff') format('woff'), url('https:\/\/crgm.ca\/wp-content\/themes\/thefox\/includes\/4k-icons\/icons\/4k-icons-pack05\/icons\/fonts\/ws.ttf') format('truetype'), url('https:\/\/crgm.ca\/wp-content\/themes\/thefox\/includes\/4k-icons\/icons\/4k-icons-pack05\/icons\/fonts\/ws.svg#oi') format('svg'); font-weight: normal; font-style: normal;}#b_aonwa8gm2d1st40iyupg .ws-heart-empty:before{font-family: 'ws'; font-weight: normal; font-style: normal;}#b_aonwa8gm2d1st40iyupg .ws-heart-empty:before{content: \"\\e803\";}<\/style>\n<style type=\"text\/css\" >#b_u5xd37ianrgbksm1m3rb a{color:#ffffff; background:#5cbb4f; margin-top:0px; margin-bottom:0px;  margin-left:px; margin-right:5px; font-weight:500; border-radius:10px;}#b_u5xd37ianrgbksm1m3rb a:hover{color:#ffffff ; background:#00743e ;}<\/style><div class=\"ta_left tf_btn_pos\" id=\"b_u5xd37ianrgbksm1m3rb\" ><a class=\"rd_normal_bt mediumlarge_rd_bt bt_icon_left bt_icon_border  \" href=\"https:\/\/crgm.ca\/wp-content\/uploads\/2023\/07\/formulaire-de-don-CRGM-2023.pdf\" target=\"yes\"   ><i class=\"ty2-download\" ><\/i><span>Download the donation form<\/span><\/a><\/div><style type=\"text\/css\" >#b_u5xd37ianrgbksm1m3rb i {color:#ffffff;}#b_u5xd37ianrgbksm1m3rb a:hover i{color:#ffffff;}<\/style><style type='text\/css'> @font-face{font-family: 'ty2'; src:url('https:\/\/crgm.ca\/wp-content\/themes\/thefox\/includes\/4k-icons\/icons\/4k-icons-pack04\/icons\/fonts\/ty2.eot'); src:url('https:\/\/crgm.ca\/wp-content\/themes\/thefox\/includes\/4k-icons\/icons\/4k-icons-pack04\/icons\/fonts\/ty2.eot?#iefix') format('embedded-opentype'), url('https:\/\/crgm.ca\/wp-content\/themes\/thefox\/includes\/4k-icons\/icons\/4k-icons-pack04\/icons\/fonts\/ty2.woff') format('woff'), url('https:\/\/crgm.ca\/wp-content\/themes\/thefox\/includes\/4k-icons\/icons\/4k-icons-pack04\/icons\/fonts\/ty2.ttf') format('truetype'), url('https:\/\/crgm.ca\/wp-content\/themes\/thefox\/includes\/4k-icons\/icons\/4k-icons-pack04\/icons\/fonts\/ty2.svg#oi') format('svg'); font-weight: normal; font-style: normal;}#b_u5xd37ianrgbksm1m3rb .ty2-download:before{font-family: 'ty2'; font-weight: normal; font-style: normal;}#b_u5xd37ianrgbksm1m3rb .ty2-download:before{content: \"\\e846\";}<\/style>\n[\/vc_column][\/vc_row][vc_row css=&#8221;.vc_custom_1745508844503{margin-bottom: 0px !important;padding-top: 30px !important;padding-bottom: 30px !important;}&#8221; parallax_background=&#8221;&#8221;][vc_column][vc_column_text css=&#8221;.vc_custom_1746127860925{margin-bottom: 25px !important;}&#8221;]<\/p>\n<h2>The Greater Montreal Reference Centre Foundation (CRGM or Centre) is initiating, for the first time in its history, the solicitation of donations with the aim of finding support for the CRGM&#8217;s mission, to inform in order to help, and to ensure its sustainability and development. Created in 1983, the Foundation&#8217;s main goal is to actively contribute to the maintenance and development of the Centre and its services and to administer the donations and grants it receives. It can count on the valuable support of its Board of Directors.<\/h2>\n<p>&nbsp;<\/p>\n<h3>View the CRGM Foundation presentation by clicking on the image.<\/h3>\n<p><b><a href=\"https:\/\/crgm.ca\/wp-content\/uploads\/2022\/11\/Fondation-CRGM-presentation.pdf\"><img loading=\"lazy\" decoding=\"async\" class=\"alignnone size-medium wp-image-8308\" src=\"https:\/\/crgm.ca\/wp-content\/uploads\/2022\/11\/Capture-decran-2022-11-22-160225-1-700x398.png\" alt=\"Pr\u00e9sentation Fondation du Centre de R\u00e9f\u00e9rence\" width=\"700\" height=\"398\" \/><\/a><\/b>[\/vc_column_text][vc_column_text css=&#8221;&#8221;]<\/p>\n<h2>What is the Greater Montreal Referral Centre (GRMC)?<\/h2>\n<p><strong>The GRMC is a non-profit organization founded in 1956. It manages and operates the following services:<\/strong><\/p>\n<p>211 Greater Montreal, which aims to help citizens by informing them and referring them to community, public, and parapublic resources near them.<\/p>\n<p>Drugs: Help and Referral and Gambling: Help and Referral, which work with people concerned about their drug use or gambling habits, as well as those around them.<\/p>\n<p>The TeleCounseling program for problem gamblers is a free therapy service, accessible throughout Quebec by telephone or videoconference.<\/p>\n<p>In 65 years, the Centre has responded to more than 3.8 million requests for assistance, across all services. Its support for citizens in vulnerable situations is unwavering, and it is thanks to a team of approximately fifty committed and passionate people that the Centre fulfills its mission.<\/p>\n<p>To continue its development, which will allow it to help more and more citizens, your support is important. You can fill out a downloadable form or make a donation online. If you would like to develop a collaboration with the Foundation or one of its specific services, you can contact Lucie Kechichian, Director of Communications, Development and Community Relations, at lucie.kechichian@crgm.ca[\/vc_column_text][\/vc_column][\/vc_row]<\/p>\n<\/div>","protected":false},"excerpt":{"rendered":"<p>[vc_row type=&#8221;full-width-section&#8221; css=&#8221;.vc_custom_1745508320184{margin-bottom: 0px !important;padding-top: 30px !important;padding-bottom: 30px !important;background-color: #00A030 !important;background-position: center !important;background-repeat: no-repeat !important;background-size: cover !important;border-color: #FFFFFF00 !important;}&#8221; font_color=&#8221;#ffffff&#8221; parallax_background=&#8221;&#8221;][vc_column css=&#8221;.vc_custom_1744139001902{background-color: #00A03000 !important;}&#8221;][vc_custom_heading text=&#8221;Make a donation&#8221; font_container=&#8221;tag:h1|font_size:36|text_align:left|color:%23FFFFFF&#8221; google_fonts=&#8221;font_family:42dot%20Sans%3Aregular|font_style:700%20bold%20normal%3A700%3Anormal&#8221; css=&#8221;.vc_custom_1746127380173{margin-bottom: 4px !important;}&#8221;][\/vc_column][\/vc_row][vc_row type=&#8221;full-width-section&#8221; css=&#8221;.vc_custom_1745508350156{margin-bottom: 0px !important;padding-top: 30px !important;padding-bottom: 30px !important;}&#8221; font_color=&#8221;#ffffff&#8221; parallax_background=&#8221;&#8221;][vc_column][vc_custom_heading text=&#8221;I support the Greater Montreal Reference Center Foundation&#8221; font_container=&#8221;tag:h2|font_size:36|text_align:left|color:%23000000&#8243; google_fonts=&#8221;font_family:42dot%20Sans%3Aregular|font_style:700%20bold%20normal%3A700%3Anormal&#8221; css=&#8221;&#8221;][vc_empty_space height=&#8221;15&#8243;]I donate<br \/><a href=\"https:\/\/crgm.ca\/en\/fondation\/make-a-donation\/\" class=\"more\">Read more<\/a><\/p>\n","protected":false},"author":1,"featured_media":0,"parent":7966,"menu_order":0,"comment_status":"closed","ping_status":"closed","template":"","meta":{"footnotes":""},"class_list":["post-7974","page","type-page","status-publish","hentry"],"yoast_head":"<!-- This site is optimized with the Yoast SEO Premium plugin v24.8 (Yoast SEO v26.0) - https:\/\/yoast.com\/wordpress\/plugins\/seo\/ -->\n<title>Faire un don - Fondation du Centre de R\u00e9f\u00e9rence du Grand Montr\u00e9al<\/title>\n<meta name=\"description\" content=\"Soutenez notre mission en faisant un don \u00e0 la Fondation du Centre de R\u00e9f\u00e9rence du Grand Montr\u00e9al.\" \/>\n<meta name=\"robots\" content=\"index, follow, max-snippet:-1, max-image-preview:large, max-video-preview:-1\" \/>\n<link rel=\"canonical\" href=\"https:\/\/crgm.ca\/en\/fondation\/make-a-donation\/\" \/>\n<meta property=\"og:locale\" content=\"en_US\" \/>\n<meta property=\"og:type\" content=\"article\" \/>\n<meta property=\"og:title\" content=\"Faire un don - Fondation du Centre de R\u00e9f\u00e9rence du Grand Montr\u00e9al\" \/>\n<meta property=\"og:description\" content=\"Soutenez notre mission en faisant un don \u00e0 la Fondation du Centre de R\u00e9f\u00e9rence du Grand Montr\u00e9al.\" \/>\n<meta property=\"og:url\" content=\"https:\/\/crgm.ca\/en\/fondation\/make-a-donation\/\" \/>\n<meta property=\"og:site_name\" content=\"Centre de R\u00e9f\u00e9rence du Grand Montr\u00e9al\" \/>\n<meta property=\"article:modified_time\" content=\"2025-05-01T19:31:45+00:00\" \/>\n<meta property=\"og:image\" content=\"https:\/\/crgm.ca\/wp-content\/uploads\/2021\/07\/CRGM_appui.png\" \/>\n\t<meta property=\"og:image:width\" content=\"1600\" \/>\n\t<meta property=\"og:image:height\" content=\"900\" \/>\n\t<meta property=\"og:image:type\" content=\"image\/png\" \/>\n<meta name=\"twitter:card\" content=\"summary_large_image\" \/>\n<meta name=\"twitter:title\" content=\"Make a donation\" \/>\n<meta name=\"twitter:label1\" content=\"Est. reading time\" \/>\n\t<meta name=\"twitter:data1\" content=\"3 minutes\" \/>\n<script type=\"application\/ld+json\" class=\"yoast-schema-graph\">{\"@context\":\"https:\/\/schema.org\",\"@graph\":[{\"@type\":\"WebPage\",\"@id\":\"https:\/\/crgm.ca\/en\/fondation\/make-a-donation\/\",\"url\":\"https:\/\/crgm.ca\/en\/fondation\/make-a-donation\/\",\"name\":\"Faire un don - Fondation du Centre de R\u00e9f\u00e9rence du Grand Montr\u00e9al\",\"isPartOf\":{\"@id\":\"https:\/\/crgm.ca\/en\/#website\"},\"primaryImageOfPage\":{\"@id\":\"https:\/\/crgm.ca\/en\/fondation\/make-a-donation\/#primaryimage\"},\"image\":{\"@id\":\"https:\/\/crgm.ca\/en\/fondation\/make-a-donation\/#primaryimage\"},\"thumbnailUrl\":\"https:\/\/crgm.ca\/wp-content\/uploads\/2022\/11\/Capture-decran-2022-11-22-160225-1-700x398.png\",\"datePublished\":\"2021-06-01T16:43:57+00:00\",\"dateModified\":\"2025-05-01T19:31:45+00:00\",\"description\":\"Soutenez notre mission en faisant un don \u00e0 la Fondation du Centre de R\u00e9f\u00e9rence du Grand Montr\u00e9al.\",\"breadcrumb\":{\"@id\":\"https:\/\/crgm.ca\/en\/fondation\/make-a-donation\/#breadcrumb\"},\"inLanguage\":\"en-US\",\"potentialAction\":[{\"@type\":\"ReadAction\",\"target\":[\"https:\/\/crgm.ca\/en\/fondation\/make-a-donation\/\"]}]},{\"@type\":\"ImageObject\",\"inLanguage\":\"en-US\",\"@id\":\"https:\/\/crgm.ca\/en\/fondation\/make-a-donation\/#primaryimage\",\"url\":\"https:\/\/crgm.ca\/wp-content\/uploads\/2022\/11\/Capture-decran-2022-11-22-160225-1-700x398.png\",\"contentUrl\":\"https:\/\/crgm.ca\/wp-content\/uploads\/2022\/11\/Capture-decran-2022-11-22-160225-1-700x398.png\"},{\"@type\":\"BreadcrumbList\",\"@id\":\"https:\/\/crgm.ca\/en\/fondation\/make-a-donation\/#breadcrumb\",\"itemListElement\":[{\"@type\":\"ListItem\",\"position\":1,\"name\":\"Home\",\"item\":\"https:\/\/crgm.ca\/en\/home\/\"},{\"@type\":\"ListItem\",\"position\":2,\"name\":\"The IRCGM Fundation\",\"item\":\"https:\/\/crgm.ca\/en\/fondation\/\"},{\"@type\":\"ListItem\",\"position\":3,\"name\":\"Make a donation\"}]},{\"@type\":\"WebSite\",\"@id\":\"https:\/\/crgm.ca\/en\/#website\",\"url\":\"https:\/\/crgm.ca\/en\/\",\"name\":\"Centre de R\u00e9f\u00e9rence du Grand Montr\u00e9al\",\"description\":\"Informer pour aider.\",\"potentialAction\":[{\"@type\":\"SearchAction\",\"target\":{\"@type\":\"EntryPoint\",\"urlTemplate\":\"https:\/\/crgm.ca\/en\/?s={search_term_string}\"},\"query-input\":{\"@type\":\"PropertyValueSpecification\",\"valueRequired\":true,\"valueName\":\"search_term_string\"}}],\"inLanguage\":\"en-US\"}]}<\/script>\n<!-- \/ Yoast SEO Premium plugin. -->","yoast_head_json":{"title":"Faire un don - Fondation du Centre de R\u00e9f\u00e9rence du Grand Montr\u00e9al","description":"Soutenez notre mission en faisant un don \u00e0 la Fondation du Centre de R\u00e9f\u00e9rence du Grand Montr\u00e9al.","robots":{"index":"index","follow":"follow","max-snippet":"max-snippet:-1","max-image-preview":"max-image-preview:large","max-video-preview":"max-video-preview:-1"},"canonical":"https:\/\/crgm.ca\/en\/fondation\/make-a-donation\/","og_locale":"en_US","og_type":"article","og_title":"Faire un don - Fondation du Centre de R\u00e9f\u00e9rence du Grand Montr\u00e9al","og_description":"Soutenez notre mission en faisant un don \u00e0 la Fondation du Centre de R\u00e9f\u00e9rence du Grand Montr\u00e9al.","og_url":"https:\/\/crgm.ca\/en\/fondation\/make-a-donation\/","og_site_name":"Centre de R\u00e9f\u00e9rence du Grand Montr\u00e9al","article_modified_time":"2025-05-01T19:31:45+00:00","og_image":[{"width":1600,"height":900,"url":"https:\/\/crgm.ca\/wp-content\/uploads\/2021\/07\/CRGM_appui.png","type":"image\/png"}],"twitter_card":"summary_large_image","twitter_title":"Make a donation","twitter_misc":{"Est. reading time":"3 minutes"},"schema":{"@context":"https:\/\/schema.org","@graph":[{"@type":"WebPage","@id":"https:\/\/crgm.ca\/en\/fondation\/make-a-donation\/","url":"https:\/\/crgm.ca\/en\/fondation\/make-a-donation\/","name":"Faire un don - Fondation du Centre de R\u00e9f\u00e9rence du Grand Montr\u00e9al","isPartOf":{"@id":"https:\/\/crgm.ca\/en\/#website"},"primaryImageOfPage":{"@id":"https:\/\/crgm.ca\/en\/fondation\/make-a-donation\/#primaryimage"},"image":{"@id":"https:\/\/crgm.ca\/en\/fondation\/make-a-donation\/#primaryimage"},"thumbnailUrl":"https:\/\/crgm.ca\/wp-content\/uploads\/2022\/11\/Capture-decran-2022-11-22-160225-1-700x398.png","datePublished":"2021-06-01T16:43:57+00:00","dateModified":"2025-05-01T19:31:45+00:00","description":"Soutenez notre mission en faisant un don \u00e0 la Fondation du Centre de R\u00e9f\u00e9rence du Grand Montr\u00e9al.","breadcrumb":{"@id":"https:\/\/crgm.ca\/en\/fondation\/make-a-donation\/#breadcrumb"},"inLanguage":"en-US","potentialAction":[{"@type":"ReadAction","target":["https:\/\/crgm.ca\/en\/fondation\/make-a-donation\/"]}]},{"@type":"ImageObject","inLanguage":"en-US","@id":"https:\/\/crgm.ca\/en\/fondation\/make-a-donation\/#primaryimage","url":"https:\/\/crgm.ca\/wp-content\/uploads\/2022\/11\/Capture-decran-2022-11-22-160225-1-700x398.png","contentUrl":"https:\/\/crgm.ca\/wp-content\/uploads\/2022\/11\/Capture-decran-2022-11-22-160225-1-700x398.png"},{"@type":"BreadcrumbList","@id":"https:\/\/crgm.ca\/en\/fondation\/make-a-donation\/#breadcrumb","itemListElement":[{"@type":"ListItem","position":1,"name":"Home","item":"https:\/\/crgm.ca\/en\/home\/"},{"@type":"ListItem","position":2,"name":"The IRCGM Fundation","item":"https:\/\/crgm.ca\/en\/fondation\/"},{"@type":"ListItem","position":3,"name":"Make a donation"}]},{"@type":"WebSite","@id":"https:\/\/crgm.ca\/en\/#website","url":"https:\/\/crgm.ca\/en\/","name":"Centre de R\u00e9f\u00e9rence du Grand Montr\u00e9al","description":"Informer pour aider.","potentialAction":[{"@type":"SearchAction","target":{"@type":"EntryPoint","urlTemplate":"https:\/\/crgm.ca\/en\/?s={search_term_string}"},"query-input":{"@type":"PropertyValueSpecification","valueRequired":true,"valueName":"search_term_string"}}],"inLanguage":"en-US"}]}},"_links":{"self":[{"href":"https:\/\/crgm.ca\/en\/wp-json\/wp\/v2\/pages\/7974","targetHints":{"allow":["GET"]}}],"collection":[{"href":"https:\/\/crgm.ca\/en\/wp-json\/wp\/v2\/pages"}],"about":[{"href":"https:\/\/crgm.ca\/en\/wp-json\/wp\/v2\/types\/page"}],"author":[{"embeddable":true,"href":"https:\/\/crgm.ca\/en\/wp-json\/wp\/v2\/users\/1"}],"replies":[{"embeddable":true,"href":"https:\/\/crgm.ca\/en\/wp-json\/wp\/v2\/comments?post=7974"}],"version-history":[{"count":4,"href":"https:\/\/crgm.ca\/en\/wp-json\/wp\/v2\/pages\/7974\/revisions"}],"predecessor-version":[{"id":9103,"href":"https:\/\/crgm.ca\/en\/wp-json\/wp\/v2\/pages\/7974\/revisions\/9103"}],"up":[{"embeddable":true,"href":"https:\/\/crgm.ca\/en\/wp-json\/wp\/v2\/pages\/7966"}],"wp:attachment":[{"href":"https:\/\/crgm.ca\/en\/wp-json\/wp\/v2\/media?parent=7974"}],"curies":[{"name":"wp","href":"https:\/\/api.w.org\/{rel}","templated":true}]}}