{"id":7983,"date":"2021-06-01T13:56:03","date_gmt":"2021-06-01T17:56:03","guid":{"rendered":"https:\/\/crgm.ca\/nous-joindre\/"},"modified":"2025-05-01T15:42:30","modified_gmt":"2025-05-01T19:42:30","slug":"contact-us","status":"publish","type":"page","link":"https:\/\/crgm.ca\/en\/contact-us\/","title":{"rendered":"Contact us"},"content":{"rendered":"<div class=\"wpb-content-wrapper\"><p>[vc_row type=&#8221;full-width-section&#8221; css=&#8221;.vc_custom_1745508320184{margin-bottom: 0px !important;padding-top: 30px !important;padding-bottom: 30px !important;background-color: #00A030 !important;background-position: center !important;background-repeat: no-repeat !important;background-size: cover !important;border-color: #FFFFFF00 !important;}&#8221; font_color=&#8221;#ffffff&#8221; parallax_background=&#8221;&#8221;][vc_column css=&#8221;.vc_custom_1744139001902{background-color: #00A03000 !important;}&#8221;][vc_custom_heading text=&#8221;Contact Us&#8221; font_container=&#8221;tag:h1|font_size:36|text_align:left|color:%23FFFFFF&#8221; google_fonts=&#8221;font_family:42dot%20Sans%3Aregular|font_style:700%20bold%20normal%3A700%3Anormal&#8221; css=&#8221;.vc_custom_1746128079856{margin-bottom: 4px !important;}&#8221;][\/vc_column][\/vc_row][vc_row css=&#8221;.vc_custom_1624474798078{padding-top: 95px !important;}&#8221; parallax_background=&#8221;&#8221;][vc_column css=&#8221;.vc_custom_1624478055093{margin-bottom: 50px !important;}&#8221;][vc_custom_heading text=&#8221;For any questions or comments\u2026. Please fill out this form.&#8221; font_container=&#8221;tag:h2|font_size:30|text_align:left&#8221; google_fonts=&#8221;font_family:42dot%20Sans%3Aregular|font_style:300%20light%20normal%3A300%3Anormal&#8221; css=&#8221;.vc_custom_1746128242974{margin-bottom: 19px !important;}&#8221;]<style type=\"text\/css\" >#rd_dl3tiylx084blqmytr4b .wpcf7 input[type=submit]{font-size:15px; font-weight:900; border-radius:2px; padding:11px 15px; letter-spacing: 0.5px; margin-top:3px;}#rd_dl3tiylx084blqmytr4b .wpcf7 input[type=submit]:hover {background:#00743e; color:#ffffff !important;}#rd_dl3tiylx084blqmytr4b .wpcf7 input:not([type=submit]):not([type=checkbox]),#rd_dl3tiylx084blqmytr4b textarea,#rd_dl3tiylx084blqmytr4b .wpcf7 select{border-radius:0px;}#rd_dl3tiylx084blqmytr4b .wpcf7 input:not([type=submit]),#rd_dl3tiylx084blqmytr4b textarea,#rd_dl3tiylx084blqmytr4b .wpcf7 input[type=submit],#rd_dl3tiylx084blqmytr4b .wpcf7 select{margin-top:3px;}#rd_dl3tiylx084blqmytr4b p{margin-bottom:23px;}#rd_dl3tiylx084blqmytr4b .wpcf7 input:not([type=submit]):not([type=checkbox]),#rd_dl3tiylx084blqmytr4b .wpcf7  textarea,#rd_dl3tiylx084blqmytr4b .wpcf7 select{border:1px solid #b7b3b3; background:#ffffff;}#rd_dl3tiylx084blqmytr4b .wpcf7 input[type=submit]{background:#5cbb4f; color:#ffffff !important;}<\/style><div id=\"rd_dl3tiylx084blqmytr4b\" class=\"\">\n<div class=\"wpcf7 no-js\" id=\"wpcf7-f7382-o1\" lang=\"fr-FR\" dir=\"ltr\" data-wpcf7-id=\"7382\">\n<div class=\"screen-reader-response\"><p role=\"status\" aria-live=\"polite\" aria-atomic=\"true\"><\/p> <ul><\/ul><\/div>\n<form action=\"\/en\/wp-json\/wp\/v2\/pages\/7983#wpcf7-f7382-o1\" method=\"post\" class=\"wpcf7-form init\" aria-label=\"Formulaire de contact\" novalidate=\"novalidate\" data-status=\"init\">\n<fieldset class=\"hidden-fields-container\"><input type=\"hidden\" name=\"_wpcf7\" value=\"7382\" \/><input type=\"hidden\" name=\"_wpcf7_version\" value=\"6.1.5\" \/><input type=\"hidden\" name=\"_wpcf7_locale\" value=\"fr_FR\" \/><input type=\"hidden\" name=\"_wpcf7_unit_tag\" value=\"wpcf7-f7382-o1\" \/><input type=\"hidden\" name=\"_wpcf7_container_post\" value=\"0\" \/><input type=\"hidden\" name=\"_wpcf7_posted_data_hash\" value=\"\" \/>\n<\/fieldset>\n<div class=\"left_field\">\n\t<p><span class=\"wpcf7-form-control-wrap\" data-name=\"nom\"><input size=\"40\" maxlength=\"400\" class=\"wpcf7-form-control wpcf7-text wpcf7-validates-as-required\" aria-required=\"true\" aria-invalid=\"false\" placeholder=\"Nom*\" value=\"\" type=\"text\" name=\"nom\" \/><\/span>\n\t<\/p>\n\t<p><span class=\"wpcf7-form-control-wrap\" data-name=\"courriel\"><input size=\"40\" maxlength=\"400\" class=\"wpcf7-form-control wpcf7-email wpcf7-validates-as-required wpcf7-text wpcf7-validates-as-email\" aria-required=\"true\" aria-invalid=\"false\" placeholder=\"Courriel*\" value=\"\" type=\"email\" name=\"courriel\" \/><\/span>\n\t<\/p>\n\t<p><span class=\"wpcf7-form-control-wrap\" data-name=\"telephone\"><input size=\"40\" maxlength=\"400\" class=\"wpcf7-form-control wpcf7-tel wpcf7-text wpcf7-validates-as-tel\" aria-invalid=\"false\" placeholder=\"T\u00e9l\u00e9phone\" value=\"\" type=\"tel\" name=\"telephone\" \/><\/span>\n\t<\/p>\n<\/div>\n<div class=\"right_field\">\n\t<p><span class=\"wpcf7-form-control-wrap\" data-name=\"sujet\"><input size=\"40\" maxlength=\"400\" class=\"wpcf7-form-control wpcf7-text\" aria-invalid=\"false\" placeholder=\"Sujet\" value=\"\" type=\"text\" name=\"sujet\" \/><\/span>\n\t<\/p>\n\t<p><span class=\"wpcf7-form-control-wrap\" data-name=\"message\"><textarea cols=\"40\" rows=\"10\" maxlength=\"2000\" class=\"wpcf7-form-control wpcf7-textarea\" aria-invalid=\"false\" placeholder=\"Message\" name=\"message\"><\/textarea><\/span>\n\t<\/p>\n\t<p><span class=\"wpcf7-form-control-wrap\" data-name=\"quiz-121\"><label><span class=\"wpcf7-quiz-label\">4+3?<\/span> <input size=\"40\" class=\"wpcf7-form-control wpcf7-quiz\" autocomplete=\"off\" aria-required=\"true\" aria-invalid=\"false\" type=\"text\" name=\"quiz-121\" \/><\/label><input type=\"hidden\" name=\"_wpcf7_quiz_answer_quiz-121\" value=\"84028653aeccda6c97e761509705c6a4\" \/><\/span>\n\t<\/p>\n\t<p><input class=\"wpcf7-form-control wpcf7-submit has-spinner\" type=\"submit\" value=\"Envoyer\" \/>\n\t<\/p>\n<\/div><div class=\"wpcf7-response-output\" aria-hidden=\"true\"><\/div>\n<\/form>\n<\/div>\n<\/div>[\/vc_column][\/vc_row][vc_row type=&#8221;full-width-section&#8221; css=&#8221;.vc_custom_1624477983465{border-top-width: 1px !important;border-bottom-width: 1px !important;background-color: #f9fafb !important;border-top-color: #ecf0f1 !important;border-top-style: solid !important;border-bottom-color: #ecf0f1 !important;border-bottom-style: solid !important;}&#8221;][vc_column][vc_row_inner content_placement=&#8221;middle&#8221; css=&#8221;.vc_custom_1624476252617{margin-top: 50px !important;border-bottom-width: 50px !important;}&#8221;][vc_column_inner width=&#8221;2\/3&#8243;][vc_column_text css=&#8221;&#8221; font_size=&#8221;22&#8243; line_height=&#8221;30&#8243;]<\/p>\n<p style=\"text-align: center;\">For any requests regarding promotional material or a media interview, write to <a href=\"mailto:lucie.kechichian@info-reference.qc.ca\">lucie.kechichian@info-reference.qc.ca<\/a><\/p>\n<p>[\/vc_column_text][\/vc_column_inner][vc_column_inner width=&#8221;1\/3&#8243;][vc_single_image image=&#8221;7703&#8243; img_size=&#8221;medium&#8221; alignment=&#8221;center&#8221;][\/vc_column_inner][\/vc_row_inner][vc_row_inner][vc_column_inner][vc_empty_space height=&#8221;80px&#8221;][\/vc_column_inner][\/vc_row_inner][\/vc_column][\/vc_row][vc_row type=&#8221;full-width-content&#8221; overlay=&#8221;1&#8243; overlay_color=&#8221;#00A030&#8243; css=&#8221;.vc_custom_1744126065682{margin-top: 0px !important;margin-bottom: 0px !important;padding-top: 50px !important;padding-bottom: 50px !important;background-color: #00A030 !important;}&#8221;][vc_column offset=&#8221;vc_col-lg-offset-0 vc_col-md-offset-0 vc_col-sm-offset-0&#8243;][vc_custom_heading text=&#8221;Consult our support services&#8221; font_container=&#8221;tag:h3|font_size:36|text_align:center|color:%23FFFFFF&#8221; google_fonts=&#8221;font_family:PT%20Sans%3Aregular%2Citalic|font_style:700%20bold%20normal%3A700%3Anormal&#8221; css=&#8221;.vc_custom_1746122047133{padding-top: 10px !important;padding-bottom: 20px !important;}&#8221;][vc_row_inner content_placement=&#8221;middle&#8221; css=&#8221;.vc_custom_1744126212201{background-color: #00000000 !important;background-position: center !important;background-repeat: no-repeat !important;background-size: contain !important;}&#8221;][vc_column_inner width=&#8221;1\/4&#8243; animation=&#8221;rda_fadeInDown&#8221;][vc_single_image image=&#8221;8804&#8243; img_size=&#8221;&#8221; style=&#8221;vc_box_rounded&#8221; onclick=&#8221;custom_link&#8221; img_link_target=&#8221;_blank&#8221; css=&#8221;.vc_custom_1746122473802{margin-top: 5px !important;margin-right: 5px !important;margin-bottom: 5px !important;margin-left: 5px !important;}&#8221; link=&#8221;https:\/\/www.211qc.ca\/en\/&#8221;][\/vc_column_inner][vc_column_inner width=&#8221;1\/4&#8243; animation=&#8221;rda_fadeInDown&#8221;][vc_single_image image=&#8221;9061&#8243; img_size=&#8221;&#8221; style=&#8221;vc_box_rounded&#8221; onclick=&#8221;custom_link&#8221; img_link_target=&#8221;_blank&#8221; css=&#8221;.vc_custom_1746122426985{margin-top: 5px !important;margin-right: 5px !important;margin-bottom: 5px !important;margin-left: 5px !important;}&#8221; link=&#8221;https:\/\/www.aidedrogue.ca\/en\/&#8221;][\/vc_column_inner][vc_column_inner width=&#8221;1\/4&#8243; animation=&#8221;rda_fadeInDown&#8221;][vc_single_image image=&#8221;9063&#8243; img_size=&#8221;&#8221; onclick=&#8221;custom_link&#8221; img_link_target=&#8221;_blank&#8221; css=&#8221;.vc_custom_1746122405183{margin-top: 5px !important;margin-right: 5px !important;margin-bottom: 5px !important;margin-left: 5px !important;}&#8221; link=&#8221;https:\/\/aidejeu.ca\/en\/&#8221;][\/vc_column_inner][vc_column_inner width=&#8221;1\/4&#8243; animation=&#8221;rda_fadeInDown&#8221;][vc_single_image image=&#8221;9065&#8243; img_size=&#8221;&#8221; style=&#8221;vc_box_rounded&#8221; onclick=&#8221;custom_link&#8221; img_link_target=&#8221;_blank&#8221; css=&#8221;.vc_custom_1746122389534{margin-top: 5px !important;margin-right: 5px !important;margin-bottom: 5px !important;margin-left: 5px !important;}&#8221; link=&#8221;https:\/\/aidejeu.ca\/en\/telecounseling\/&#8221;][\/vc_column_inner][\/vc_row_inner][\/vc_column][\/vc_row]<\/p>\n<\/div>","protected":false},"excerpt":{"rendered":"<p>[vc_row type=&#8221;full-width-section&#8221; css=&#8221;.vc_custom_1745508320184{margin-bottom: 0px !important;padding-top: 30px !important;padding-bottom: 30px !important;background-color: #00A030 !important;background-position: center !important;background-repeat: no-repeat !important;background-size: cover !important;border-color: #FFFFFF00 !important;}&#8221; font_color=&#8221;#ffffff&#8221; parallax_background=&#8221;&#8221;][vc_column css=&#8221;.vc_custom_1744139001902{background-color: #00A03000 !important;}&#8221;][vc_custom_heading text=&#8221;Contact Us&#8221; font_container=&#8221;tag:h1|font_size:36|text_align:left|color:%23FFFFFF&#8221; google_fonts=&#8221;font_family:42dot%20Sans%3Aregular|font_style:700%20bold%20normal%3A700%3Anormal&#8221; css=&#8221;.vc_custom_1746128079856{margin-bottom: 4px !important;}&#8221;][\/vc_column][\/vc_row][vc_row css=&#8221;.vc_custom_1624474798078{padding-top: 95px !important;}&#8221; parallax_background=&#8221;&#8221;][vc_column css=&#8221;.vc_custom_1624478055093{margin-bottom: 50px !important;}&#8221;][vc_custom_heading text=&#8221;For any questions or comments\u2026. Please fill out this form.&#8221; font_container=&#8221;tag:h2|font_size:30|text_align:left&#8221; google_fonts=&#8221;font_family:42dot%20Sans%3Aregular|font_style:300%20light%20normal%3A300%3Anormal&#8221; css=&#8221;.vc_custom_1746128242974{margin-bottom: 19px !important;}&#8221;] 4+3? [\/vc_column][\/vc_row][vc_row<br \/><a href=\"https:\/\/crgm.ca\/en\/contact-us\/\" class=\"more\">Read more<\/a><\/p>\n","protected":false},"author":1,"featured_media":0,"parent":0,"menu_order":0,"comment_status":"closed","ping_status":"closed","template":"","meta":{"footnotes":""},"class_list":["post-7983","page","type-page","status-publish","hentry"],"yoast_head":"<!-- This site is optimized with the Yoast SEO Premium plugin v24.8 (Yoast SEO v26.0) - https:\/\/yoast.com\/wordpress\/plugins\/seo\/ -->\n<title>Contact us - Centre de R\u00e9f\u00e9rence du Grand Montr\u00e9al<\/title>\n<meta name=\"description\" content=\"Pour toute question, information ou commentaire, contactez-nous en remplissant ce formulaire.\" \/>\n<meta name=\"robots\" content=\"index, follow, max-snippet:-1, max-image-preview:large, max-video-preview:-1\" \/>\n<link rel=\"canonical\" href=\"https:\/\/crgm.ca\/en\/contact-us\/\" \/>\n<meta property=\"og:locale\" content=\"en_US\" \/>\n<meta property=\"og:type\" content=\"article\" \/>\n<meta property=\"og:title\" content=\"Nous joindre - Centre de R\u00e9f\u00e9rence du Grand Montr\u00e9al\" \/>\n<meta property=\"og:description\" content=\"Pour toute question, information ou commentaire, contactez-nous en remplissant ce formulaire.\" \/>\n<meta property=\"og:url\" content=\"https:\/\/crgm.ca\/en\/contact-us\/\" \/>\n<meta property=\"og:site_name\" content=\"Centre de R\u00e9f\u00e9rence du Grand Montr\u00e9al\" \/>\n<meta property=\"article:modified_time\" content=\"2025-05-01T19:42:30+00:00\" \/>\n<meta property=\"og:image\" content=\"https:\/\/crgm.ca\/wp-content\/uploads\/2021\/07\/CRGM.png\" \/>\n\t<meta property=\"og:image:width\" content=\"1600\" \/>\n\t<meta property=\"og:image:height\" content=\"900\" \/>\n\t<meta property=\"og:image:type\" content=\"image\/png\" \/>\n<meta name=\"twitter:card\" content=\"summary_large_image\" \/>\n<meta name=\"twitter:title\" content=\"Contact us\" \/>\n<meta name=\"twitter:label1\" content=\"Est. reading time\" \/>\n\t<meta name=\"twitter:data1\" content=\"2 minutes\" \/>\n<script type=\"application\/ld+json\" class=\"yoast-schema-graph\">{\"@context\":\"https:\/\/schema.org\",\"@graph\":[{\"@type\":\"WebPage\",\"@id\":\"https:\/\/crgm.ca\/en\/contact-us\/\",\"url\":\"https:\/\/crgm.ca\/en\/contact-us\/\",\"name\":\"Contact us - Centre de R\u00e9f\u00e9rence du Grand Montr\u00e9al\",\"isPartOf\":{\"@id\":\"https:\/\/crgm.ca\/en\/#website\"},\"datePublished\":\"2021-06-01T17:56:03+00:00\",\"dateModified\":\"2025-05-01T19:42:30+00:00\",\"description\":\"Pour toute question, information ou commentaire, contactez-nous en remplissant ce formulaire.\",\"breadcrumb\":{\"@id\":\"https:\/\/crgm.ca\/en\/contact-us\/#breadcrumb\"},\"inLanguage\":\"en-US\",\"potentialAction\":[{\"@type\":\"ReadAction\",\"target\":[\"https:\/\/crgm.ca\/en\/contact-us\/\"]}]},{\"@type\":\"BreadcrumbList\",\"@id\":\"https:\/\/crgm.ca\/en\/contact-us\/#breadcrumb\",\"itemListElement\":[{\"@type\":\"ListItem\",\"position\":1,\"name\":\"Home\",\"item\":\"https:\/\/crgm.ca\/en\/home\/\"},{\"@type\":\"ListItem\",\"position\":2,\"name\":\"Contact us\"}]},{\"@type\":\"WebSite\",\"@id\":\"https:\/\/crgm.ca\/en\/#website\",\"url\":\"https:\/\/crgm.ca\/en\/\",\"name\":\"Centre de R\u00e9f\u00e9rence du Grand Montr\u00e9al\",\"description\":\"Informer pour aider.\",\"potentialAction\":[{\"@type\":\"SearchAction\",\"target\":{\"@type\":\"EntryPoint\",\"urlTemplate\":\"https:\/\/crgm.ca\/en\/?s={search_term_string}\"},\"query-input\":{\"@type\":\"PropertyValueSpecification\",\"valueRequired\":true,\"valueName\":\"search_term_string\"}}],\"inLanguage\":\"en-US\"}]}<\/script>\n<!-- \/ Yoast SEO Premium plugin. -->","yoast_head_json":{"title":"Contact us - Centre de R\u00e9f\u00e9rence du Grand Montr\u00e9al","description":"Pour toute question, information ou commentaire, contactez-nous en remplissant ce formulaire.","robots":{"index":"index","follow":"follow","max-snippet":"max-snippet:-1","max-image-preview":"max-image-preview:large","max-video-preview":"max-video-preview:-1"},"canonical":"https:\/\/crgm.ca\/en\/contact-us\/","og_locale":"en_US","og_type":"article","og_title":"Nous joindre - Centre de R\u00e9f\u00e9rence du Grand Montr\u00e9al","og_description":"Pour toute question, information ou commentaire, contactez-nous en remplissant ce formulaire.","og_url":"https:\/\/crgm.ca\/en\/contact-us\/","og_site_name":"Centre de R\u00e9f\u00e9rence du Grand Montr\u00e9al","article_modified_time":"2025-05-01T19:42:30+00:00","og_image":[{"width":1600,"height":900,"url":"https:\/\/crgm.ca\/wp-content\/uploads\/2021\/07\/CRGM.png","type":"image\/png"}],"twitter_card":"summary_large_image","twitter_title":"Contact us","twitter_misc":{"Est. reading time":"2 minutes"},"schema":{"@context":"https:\/\/schema.org","@graph":[{"@type":"WebPage","@id":"https:\/\/crgm.ca\/en\/contact-us\/","url":"https:\/\/crgm.ca\/en\/contact-us\/","name":"Contact us - Centre de R\u00e9f\u00e9rence du Grand Montr\u00e9al","isPartOf":{"@id":"https:\/\/crgm.ca\/en\/#website"},"datePublished":"2021-06-01T17:56:03+00:00","dateModified":"2025-05-01T19:42:30+00:00","description":"Pour toute question, information ou commentaire, contactez-nous en remplissant ce formulaire.","breadcrumb":{"@id":"https:\/\/crgm.ca\/en\/contact-us\/#breadcrumb"},"inLanguage":"en-US","potentialAction":[{"@type":"ReadAction","target":["https:\/\/crgm.ca\/en\/contact-us\/"]}]},{"@type":"BreadcrumbList","@id":"https:\/\/crgm.ca\/en\/contact-us\/#breadcrumb","itemListElement":[{"@type":"ListItem","position":1,"name":"Home","item":"https:\/\/crgm.ca\/en\/home\/"},{"@type":"ListItem","position":2,"name":"Contact us"}]},{"@type":"WebSite","@id":"https:\/\/crgm.ca\/en\/#website","url":"https:\/\/crgm.ca\/en\/","name":"Centre de R\u00e9f\u00e9rence du Grand Montr\u00e9al","description":"Informer pour aider.","potentialAction":[{"@type":"SearchAction","target":{"@type":"EntryPoint","urlTemplate":"https:\/\/crgm.ca\/en\/?s={search_term_string}"},"query-input":{"@type":"PropertyValueSpecification","valueRequired":true,"valueName":"search_term_string"}}],"inLanguage":"en-US"}]}},"_links":{"self":[{"href":"https:\/\/crgm.ca\/en\/wp-json\/wp\/v2\/pages\/7983","targetHints":{"allow":["GET"]}}],"collection":[{"href":"https:\/\/crgm.ca\/en\/wp-json\/wp\/v2\/pages"}],"about":[{"href":"https:\/\/crgm.ca\/en\/wp-json\/wp\/v2\/types\/page"}],"author":[{"embeddable":true,"href":"https:\/\/crgm.ca\/en\/wp-json\/wp\/v2\/users\/1"}],"replies":[{"embeddable":true,"href":"https:\/\/crgm.ca\/en\/wp-json\/wp\/v2\/comments?post=7983"}],"version-history":[{"count":5,"href":"https:\/\/crgm.ca\/en\/wp-json\/wp\/v2\/pages\/7983\/revisions"}],"predecessor-version":[{"id":9106,"href":"https:\/\/crgm.ca\/en\/wp-json\/wp\/v2\/pages\/7983\/revisions\/9106"}],"wp:attachment":[{"href":"https:\/\/crgm.ca\/en\/wp-json\/wp\/v2\/media?parent=7983"}],"curies":[{"name":"wp","href":"https:\/\/api.w.org\/{rel}","templated":true}]}}